{"id":7,"date":"2015-02-19T14:32:17","date_gmt":"2015-02-19T13:32:17","guid":{"rendered":"http:\/\/moeller-website.hsnetworks.de\/?page_id=7"},"modified":"2025-07-17T13:07:08","modified_gmt":"2025-07-17T11:07:08","slug":"der-heizungshelfer","status":"publish","type":"page","link":"https:\/\/heizungshelfer.de\/","title":{"rendered":"Der Heizungshelfer &#8211; Firma M\u00f6ller Heizung &#038; Service GmbH"},"content":{"rendered":"\n<p>STAND 17.07.2025<\/p>\n\n\n\n<p><\/p>\n\n\n\n<p>Liebe Kundinnen, Liebe Kunden,<\/p>\n\n\n\n<p>Bitte denken Sie an folgende \u00c4nderung ab 2024:<strong><span class=\"has-inline-color has-vivid-red-color\"><\/span><\/strong><\/p>\n\n\n\n<p><span class=\"has-inline-color has-vivid-red-color\"><strong>Ab dem 01.01.2024 bieten wir keinen Notdienst mehr an.<\/strong><\/span><\/p>\n\n\n\n<p>Welchen Service Sie weiterhin von uns und unserem Wartungsservice erwarten k\u00f6nnen:<\/p>\n\n\n\n<ul class=\"wp-block-list\"><li>telefonische Erreichbarkeit in den B\u00fcro\u00f6ffnungszeiten <\/li><li>bevorzugte Terminvergabe an Wartungskunden am n\u00e4chsten Werktag<\/li><li>zuverl\u00e4ssiger Heizbetrieb Ihrer Heizungsanlage bei regelm\u00e4\u00dfig durchgef\u00fchrter Wartung<\/li><li>sinkende Heizkosten durch Reinigung und Optimierung der Heizungsanlage<\/li><li>l\u00e4ngere Lebensdauer durch rechtzeitiges Ersetzen von Verschlei\u00dfteilen.<\/li><\/ul>\n\n\n\n<p>Bei Fragen und Anliegen k\u00f6nnen Sie uns nat\u00fcrlich gerne anrufen.<\/p>\n\n\n\n<p>************************************************************************<\/p>\n\n\n<p><span style=\"text-decoration: underline;\"><strong><em>Ihre Firma M\u00f6ller Heizung &amp; Service GmbH aus Minden<\/em><\/strong><\/span><\/p>\n<p><\/p>","protected":false},"excerpt":{"rendered":"<p>STAND 17.07.2025 Liebe Kundinnen, Liebe Kunden, Bitte denken Sie an folgende \u00c4nderung ab 2024: Ab dem 01.01.2024 bieten wir keinen Notdienst mehr an. Welchen Service Sie weiterhin von uns und unserem Wartungsservice erwarten k\u00f6nnen: telefonische Erreichbarkeit in den B\u00fcro\u00f6ffnungszeiten bevorzugte &hellip; <a href=\"https:\/\/heizungshelfer.de\/\">Weiterlesen <span class=\"meta-nav\">&rarr;<\/span><\/a><\/p>\n","protected":false},"author":1,"featured_media":0,"parent":0,"menu_order":0,"comment_status":"closed","ping_status":"open","template":"","meta":{"footnotes":""},"class_list":["post-7","page","type-page","status-publish","hentry"],"_links":{"self":[{"href":"https:\/\/heizungshelfer.de\/index.php?rest_route=\/wp\/v2\/pages\/7","targetHints":{"allow":["GET"]}}],"collection":[{"href":"https:\/\/heizungshelfer.de\/index.php?rest_route=\/wp\/v2\/pages"}],"about":[{"href":"https:\/\/heizungshelfer.de\/index.php?rest_route=\/wp\/v2\/types\/page"}],"author":[{"embeddable":true,"href":"https:\/\/heizungshelfer.de\/index.php?rest_route=\/wp\/v2\/users\/1"}],"replies":[{"embeddable":true,"href":"https:\/\/heizungshelfer.de\/index.php?rest_route=%2Fwp%2Fv2%2Fcomments&post=7"}],"version-history":[{"count":38,"href":"https:\/\/heizungshelfer.de\/index.php?rest_route=\/wp\/v2\/pages\/7\/revisions"}],"predecessor-version":[{"id":541,"href":"https:\/\/heizungshelfer.de\/index.php?rest_route=\/wp\/v2\/pages\/7\/revisions\/541"}],"wp:attachment":[{"href":"https:\/\/heizungshelfer.de\/index.php?rest_route=%2Fwp%2Fv2%2Fmedia&parent=7"}],"curies":[{"name":"wp","href":"https:\/\/api.w.org\/{rel}","templated":true}]}}