{"id":80,"date":"2015-02-25T11:28:47","date_gmt":"2015-02-25T10:28:47","guid":{"rendered":"http:\/\/moeller-website.hsnetworks.de\/?page_id=80"},"modified":"2021-11-11T10:10:36","modified_gmt":"2021-11-11T09:10:36","slug":"agb","status":"publish","type":"page","link":"http:\/\/heizungshelfer.de\/?page_id=80","title":{"rendered":"AGB"},"content":{"rendered":"<h3>Allgemeine Gesch\u00e4ftsbedingungen<\/h3>\n<h5>f\u00fcr den Online-Shop der<br \/>\nFa.M\u00f6ller Heizung &amp; Service GmbH<br \/>\nJohnstrasse 2<br \/>\n32429 Minden<br \/>\nTel: 0571 &#8211; 50 50 33<br \/>\nFax: 0571 &#8211; 50 50 346<br \/>\nSteuernummer: 335 \/ 5747 \/ 4681<br \/>\nHR: HRB 4181<br \/>\nGesch\u00e4ftsf\u00fchrer: Sabrina M\u00f6ller<\/h5>\n<h3>Vorabinformation<\/h3>\n<h4>S\u00c4MTLICHE Materialien, die in dem Online-Shop angeboten werden, sind NICHT zum<br \/>\nEinbau durch einen Nichtfachmann gedacht, sondern dienen lediglich<br \/>\ndazu, dem Fachmann die ben\u00f6tigten Ersatzteile zu beschaffen,<br \/>\ndamit sie von diesem eingebaut werden k\u00f6nnen!<br \/>\nSeien Sie sich immer im Klaren dar\u00fcber, dass Sie im Falle eines<br \/>\nNichtbeachtens dieser Grundregeln mit Ihrem Leben und dem Leben Ihrer<br \/>\nAngeh\u00f6rigen und Nachbarn spielen!<br \/>\nDurch die Akzeptanz dieser AGB best\u00e4tigen Sie gleichzeitig, dass kein<br \/>\nNichtfachmann die erworbenen Ersatzteile einbaut!<br \/>\nDie Einbauanweisungen, die sich teilweise im Beschreibungstext wieder<br \/>\nfinden, sind nur als Hilfe und Denkanst\u00f6sse f\u00fcr den Fachmann<br \/>\ngedacht, der diese Ersatzteile letztendlich einbaut.<\/h4>\n<h3>Allgemeine Gesch\u00e4ftsbedingungen<br \/>\n(09.03.2005)<\/h3>\n<p lang=\"de-DE\"><span style=\"font-size: small;\">Die allgemeinen Gesch\u00e4ftsbedingungen regeln das Zustandekommen des Vertrages, Pflichten der Fa. M\u00f6ller Heizungs- und Service GmbH und des Nutzers\/Bestellers und die Abwicklung der zwischen diesem und der Fa. M\u00f6ller geschlossenen Vertr\u00e4ge.<\/span><\/p>\n<h3><span style=\"font-size: small;\">\u00a7 1 Gegenstand der allgemeinen Gesch\u00e4ftsbedingungen<br \/>\nGegenstand der Allgemeinen Gesch\u00e4ftsbedingungen ist die Regelung der Vertragsbedingungen f\u00fcr s\u00e4mtliche Vertr\u00e4ge der Fa. M\u00f6ller (im nachfolgenden Anbieter) mit dem Nutzer und Besteller des Online-Shops (im nachfolgenden Kunde), die \u00fcber den Online-Shop geschlossen werden. Es gelten jeweils die Allgemeinen Gesch\u00e4ftsbedingungen in der zum Zeitpunkt des Vertragsschlusses g\u00fcltigen Fassung. Abweichende Bedingungen des Kunden erkennt der Anbieter nicht an. Es gelten ausschlie\u00dflich die Allgemeinen Gesch\u00e4ftsbedingungen des Anbieters.<\/span><\/h3>\n<h3>\u00a7 2 Zustandekommen des Vertrages<\/h3>\n<h3><span style=\"font-size: small;\">Die Angebote des Online-Shops sind unverbindlich. Mit dem Anklicken des Bestell-Buttons erkl\u00e4rt der Nutzer verbindlich gegen\u00fcber dem Anbieter, den Inhalt des Warenkorbes erwerben zu wollen. Diese Bestellung des Nutzers stellt ein Angebot an den Anbieter zum Abschluss eines Kaufvertrages dar. Der Vertrag kommt durch die per E-mail versandte Best\u00e4tigung des Anbieters an den Kunden nach Erhalt der Bestellung zustande und entspricht der Annahme des Angebotes. Die Best\u00e4tigung geht dem Nutzer unmittelbar nach Anklicken des Bestell-Buttons zu. Mit ihr ist der Vertrag zustande gekommen.<br \/>\nDer Anbieter bietet keine Produkte zum Kauf durch Minderj\u00e4hrige an.<\/span><\/h3>\n<h3>\u00a7 3 Informationspflichten<\/h3>\n<h3><span style=\"font-size: small;\">1. Der Kunde ist bei der Registrierung verpflichtet, wahrheitsgem\u00e4\u00dfe Angaben zu machen. Sofern sich Daten des Kunden \u00e4ndern, insbesondere Name, Anschrift, E-Mail-Adresse, Telefonnummer, Bankverbindung, ist der Kunde verpflichtet, dem Anbieter diese \u00c4nderung unverz\u00fcglich durch \u00c4nderung der Angaben im Online-Shop mitzuteilen.<\/span><\/h3>\n<p>2. Unterl\u00e4sst der Kunden diese Information oder gibt er von vornherein falsche Daten, insbesondere eine falsche E-Mail-Adresse an, so kann der Anbieter, soweit ein Vertrag zustande gekommen ist, vom Vertrag zur\u00fccktreten. Der R\u00fccktritt wird schriftlich erkl\u00e4rt. Die Schriftform ist auch durch Absenden einer E-Mail gewahrt.<\/p>\n<p>3. Der Anbieter sendet dem Kunden unmittelbar nach dessen Bestellung eine E-Mail an die angegebene E-Mail Adresse zu, in der die bestellten Artikel und der Rechnungsbetrag benannt werden.<\/p>\n<p>4. Der Kunde verpflichtet sich, den Anbieter unverz\u00fcglich unter:<br \/>\njm@heizungshelfer.de oder per Telefon: 0571 50 50 33 zu informieren, wenn diese E-Mail ihn nicht innerhalb von 24 Stunden erreicht hat oder Angaben gemacht wurden, die der Bestellung widersprechen.<\/p>\n<p>5. Der Kunde hat daf\u00fcr Sorge zu tragen, dass die von ihm angegebene E-Mail Adresse ab dem Zeitpunkt erreichbar ist, und nicht aufgrund von Weiterleitung, Stilllegung oder \u00dcberf\u00fcllung der E-Mail<br \/>\nAdresse ein Empfang von E-Mail-Nachrichten ausgeschlossen ist.<\/p>\n<p>6. Die Fehlerhaftigkeit der Angaben wird vermutet, wenn eine an den Kunden gerichtete E-Mail dreimal hintereinander zur\u00fcckkommt, oder die Leistung aufgrund fehlerhafter Anschrift nicht erbracht werden kann.<\/p>\n<h3>\u00a7 4 Widerrufsrecht<\/h3>\n<h3><span style=\"font-size: small;\">1. Der Kunde hat das Recht, den Vertrag schriftlich (auch per E-Mail) innerhalb von vier Wochen nach Erhalt der Ware zu widerrufen. Bei Aus\u00fcbung des Widerrufsrechts ist der Kunde verpflichtet, die erhaltene Ware an den Anbieter zur\u00fcckzusenden, sofern die Ware durch Paket versandt werden kann.<\/span><\/h3>\n<p>2. Betr\u00e4gt der Bestellwert mehr als \u20ac 40,00, tr\u00e4gt der Anbieter die Kosten der R\u00fccksendung. Dar\u00fcber hinausgehende Kosten wie solche f\u00fcr den Ein und Ausbau der Ware werden bei Widerruf nicht erstattet.<\/p>\n<p>3. Der Anbieter kann Wertersatz f\u00fcr eine durch die bestimmungsgem\u00e4\u00dfe Ingebrauchnahme der Ware entstandene Verschlechterung durch den Kunden verlangen. Der Kunde hat eine solche Verschlechterung der Ware zu vermeiden. Ist die Verschlechterung ausschlie\u00dflich auf die Pr\u00fcfung der Sache zur\u00fcckzuf\u00fchren, gilt \u00a7 4 Ziff. 3 Satz1 nicht.<\/p>\n<p>4. Elektronische bzw. elektrisch betriebene Bauteile\/Artikel k\u00f6nnen nicht zur\u00fcckgenommen werden und sind daher von der R\u00fccknahme ausgeschlossen.<\/p>\n<h3>\u00a7 5 Lieferung der Waren, Erbringung von Dienstleistungen<\/h3>\n<h3><span style=\"font-size: small;\">1. Die Bestellung wird m\u00f6glichst unverz\u00fcglich nach ihrem Eingang beim Anbieter bearbeitet. Der Anbieter \u00fcbergibt die Waren sp\u00e4testens am zweiten Werktag nach Vertragsschluss dem<br \/>\nLieferunternehmen. Sofern nichts anderes angegeben, erfolgt die Lieferung an die vom Kunden angegebene Lieferadresse. Evtl. Angaben \u00fcber die Lieferfrist sind unverbindlich, sofern nicht<br \/>\nausnahmsweise ein Liefertermin zugesagt wurde.<\/span><\/h3>\n<p>2. Ist der Kunde nicht unter der von ihm angegebenen Adresse auffindbar, so ger\u00e4t der Kunde in Verzug mit der Annahme der Leistung. Er hat dem Anbieter dann die durch die vergebliche Anfahrt entstandenen Mehraufwendungen zu ersetzen. Der Anbieter braucht die versprochene Lieferung nicht mehr zu erbringen und kann vom Vertrag zur\u00fccktreten, wenn der Kunde zweimal hintereinander nicht anzutreffen war.<\/p>\n<p>3. Erfolgt die Lieferung nicht zu dem ausnahmsweise vereinbarten Zeitpunkt, so kann der Kunde vom Vertrag zur\u00fccktreten.<\/p>\n<p>4. Der Anbieter beh\u00e4lt sich vor, im Falle der Nichtverf\u00fcgbarkeit der vertragsgem\u00e4\u00dfen Leistung eine in Qualit\u00e4t und Preis gleichwertige Leistung\/Ware zu erbringen.<\/p>\n<p>5. Ist eine Erbringung einer preislich und qualitativ gleichwertigen Leistung nicht m\u00f6glich, so kann der Anbieter sich vom Vertrag l\u00f6sen und braucht die versprochene Leistung nicht zu erbringen.<br \/>\nDer Anbieter verpflichtet sich in diesem Falle, den Kunden unverz\u00fcglich \u00fcber die Nichtverf\u00fcgbarkeit zu informieren und eine gegebenenfalls bereits erbrachte Gegenleistung des Kunden unverz\u00fcglich zur\u00fcckzuerstatten.<\/p>\n<h3>\u00a7 6 Zahlung<\/h3>\n<h3><span style=\"font-size: small;\">1. Der Kunde erh\u00e4lt eine Rechnung \u00fcber den Kaufpreis inkl. der jeweils gesetzlich geltenden Mehrwertsteuer, zzgl. der Versandkosten.<\/span><\/h3>\n<p>2. Im Verzugsfalle werden die gesetzlichen Verzugszinsen erhoben. Falls ein h\u00f6herer Verzugsschaden entsteht, ist der Anbieter berechtigt, diesen gegen\u00fcber dem Kunden geltend zu machen.<\/p>\n<p>3. Das Recht zur Aufrechnung steht dem Kunden nur zu, wenn seine Gegenanspr\u00fcche rechtskr\u00e4ftig festgestellt wurden, oder diese durch den Anbieter anerkannt wurden.<\/p>\n<p>4. Der Kunde kann ein Zur\u00fcckbehaltungsrecht nur aus\u00fcben, wenn sein Gegenanspruch auf dem gleichen Vertragsverh\u00e4ltnis beruht.<\/p>\n<h3>\u00a7 8 Verpackungs- und Versandkosten<\/h3>\n<h3><span style=\"font-size: small;\">1. Die Kosten f\u00fcr die Verpackung \u00fcbernimmt der Anbieter.<\/span><\/h3>\n<p>2. Versandkosten fallen nur bei Warenlieferungen an, die nicht selbst vom Kunden abgeholt werden.<\/p>\n<p>3. Die H\u00f6he der Versandkosten betr\u00e4gt mindestens \u20ac 7,98, bzw. den in der Best\u00e4tigung der Bestellung benannten Betrag.<\/p>\n<p>4. Bei Lieferung von Waren nach \u00d6sterreich oder den Deutschen Inseln werden mehr Versandkosten erhoben, siehe den bei der Bestellung benanntem Betrag.<\/p>\n<p>5. Sofern der Kunde die Ware selber abholen m\u00f6chte, ist VORHER ein genauer Abholtermin und -Ort per Telefon oder E-Mail abzustimmen.<\/p>\n<h3>\u00a7 9 Eigentumsvorbehalt<\/h3>\n<h3><span style=\"font-size: small;\">Die gelieferte Ware bleibt bis zur vollst\u00e4ndigen Zahlung des Kaufpreises Eigentum des Anbieters, unabh\u00e4ngig vom Ablauf der Widerrufsfrist.<\/span><\/h3>\n<h3>\u00a7 10 M\u00e4ngelhaftung<\/h3>\n<h3><span style=\"font-size: small;\">1. Die M\u00e4ngelhaftung bestimmt sich nach den gesetzlichen Bestimmungen gem. \u00a7\u00a7 434 ff BGB.<\/span><\/h3>\n<p>2. Der Anbieter haftet nicht f\u00fcr Fehler, deren Auftreten durch den Kunden verursacht wurde. Das gilt auch f\u00fcr gew\u00f6hnliche Abnutzungserscheinungen.<\/p>\n<p>3. Soweit sich nachstehend nichts anderes ergibt, sind weitergehende Anspr\u00fcche des Kunden, gleich aus welchen Rechtsgr\u00fcnden, ausgeschlossen. Der Anbieter haftet nicht f\u00fcr Sch\u00e4den, die nicht am Liefergegenstand selbst entstanden sind. Daher haftet der Anbieter nicht f\u00fcr entgangenen Gewinn oder f\u00fcr sonstige Verm\u00f6genssch\u00e4den des Kunden. Bei Ausschluss oder Beschr\u00e4nkung der Haftung des Anbieters, gilt dies auch f\u00fcr die pers\u00f6nliche Haftung von Mitarbeitern, Vertretern und Erf\u00fcllungsgehilfen. Ein Haftungsausschluss\/Haftungsbeschr\u00e4nkung gilt nicht, sofern die Schadensursache auf Vorsatz oder grobe Fahrl\u00e4ssigkeit beruht. Sofern der Anbieter fahrl\u00e4ssig eine vertragswesentliche Pflicht verletzt, ist die Ersatzpflicht auf den typischerweise entstehenden Schaden beschr\u00e4nkt.<\/p>\n<p>4. Erfolgt die Nacherf\u00fcllung im Wege einer Ersatzlieferung, ist der Kunde verpflichtet, die zuerst gelieferte Ware innerhalb von 30 Tagen an den Anbieter auf dessen Kosten und gem. den gesetzlichen Bestimmungen (\u00a7\u00a7 439 Abs.4, 346,348) zur\u00fcckzusenden. Der Anbieter kann nach den gesetzlichen Bestimmungen Schadensersatz geltend machen.<\/p>\n<p>5. Eine Zusicherung von Eigenschaften f\u00fcr Waren besteht nicht. Die Beschreibung der Waren stellt keine Zusicherung von Eigenschaften dar. Der Anbieter sichert auch im \u00dcbrigen im Online-Shop keine Eigenschaften zu.<\/p>\n<h3>\u00a711 Datenschutz<\/h3>\n<h3><span style=\"font-size: small;\">1. Der Anbieter unternimmt alle ihm wirtschaftlich und technisch zumutbaren und m\u00f6glichen Vorkehrungen, um einen Zugriff Dritter auf die Kundendaten zu verhindern.<\/span><\/h3>\n<p>2. Der Anbieter erhebt vom Nutzer ohne dessen Zustimmung nur die Daten, die f\u00fcr die Ausf\u00fchrung der Bestellung und die Vertragsabwicklung notwendig sind. Er verwendet die vom Kunden zur Verf\u00fcgung gestellten Daten nur zu den Zwecken, in die der Kunde eingewilligt hat.<\/p>\n<h3>\u00a7 15 Anwendbares Recht<\/h3>\n<h3><span style=\"font-size: small;\">Es gilt Deutsches Recht unter Ausschluss des UN-Kaufrechts.<\/span><\/h3>\n<p>Stand:<br \/>\n04.04.2014<\/p>\n","protected":false},"excerpt":{"rendered":"<p>Allgemeine Gesch\u00e4ftsbedingungen f\u00fcr den Online-Shop der Fa.M\u00f6ller Heizung &amp; Service GmbH Johnstrasse 2 32429 Minden Tel: 0571 &#8211; 50 50 33 Fax: 0571 &#8211; 50 50 346 Steuernummer: 335 \/ 5747 \/ 4681 HR: HRB 4181 Gesch\u00e4ftsf\u00fchrer: Sabrina M\u00f6ller Vorabinformation &hellip; <a href=\"http:\/\/heizungshelfer.de\/?page_id=80\">Weiterlesen <span class=\"meta-nav\">&rarr;<\/span><\/a><\/p>\n","protected":false},"author":1,"featured_media":0,"parent":0,"menu_order":0,"comment_status":"closed","ping_status":"closed","template":"","meta":{"footnotes":""},"class_list":["post-80","page","type-page","status-publish","hentry"],"_links":{"self":[{"href":"http:\/\/heizungshelfer.de\/index.php?rest_route=\/wp\/v2\/pages\/80","targetHints":{"allow":["GET"]}}],"collection":[{"href":"http:\/\/heizungshelfer.de\/index.php?rest_route=\/wp\/v2\/pages"}],"about":[{"href":"http:\/\/heizungshelfer.de\/index.php?rest_route=\/wp\/v2\/types\/page"}],"author":[{"embeddable":true,"href":"http:\/\/heizungshelfer.de\/index.php?rest_route=\/wp\/v2\/users\/1"}],"replies":[{"embeddable":true,"href":"http:\/\/heizungshelfer.de\/index.php?rest_route=%2Fwp%2Fv2%2Fcomments&post=80"}],"version-history":[{"count":4,"href":"http:\/\/heizungshelfer.de\/index.php?rest_route=\/wp\/v2\/pages\/80\/revisions"}],"predecessor-version":[{"id":490,"href":"http:\/\/heizungshelfer.de\/index.php?rest_route=\/wp\/v2\/pages\/80\/revisions\/490"}],"wp:attachment":[{"href":"http:\/\/heizungshelfer.de\/index.php?rest_route=%2Fwp%2Fv2%2Fmedia&parent=80"}],"curies":[{"name":"wp","href":"https:\/\/api.w.org\/{rel}","templated":true}]}}