{"id":78,"date":"2015-02-25T11:28:07","date_gmt":"2015-02-25T10:28:07","guid":{"rendered":"http:\/\/moeller-website.hsnetworks.de\/?page_id=78"},"modified":"2018-06-04T11:36:57","modified_gmt":"2018-06-04T09:36:57","slug":"impressum","status":"publish","type":"page","link":"http:\/\/heizungshelfer.de\/?page_id=78","title":{"rendered":"Impressum"},"content":{"rendered":"<p>Redaktion: Fa. M\u00f6ller Heizung und Service GmbH<br \/>\nVerantwortlich i.S.d.P.: Sabrina M\u00f6ller, Gesch\u00e4ftsf\u00fchrer<br \/>\nAnschrift: Johnstra\u00dfe 2, 32429 Minden, Bundesrepublik Deutschland<\/p>\n<p>Steuernummer: 335 \/ 5747 \/ 4681<br \/>\nHR: HRB 4181<br \/>\nGesch\u00e4ftsf\u00fchrer:\u00a0Sabrina M\u00f6ller<\/p>\n<p>Tel. +49 &#8211; 571 &#8211; 50 50 33<br \/>\nFax. +49 &#8211; 571 &#8211; 50 50 346<br \/>\nMail:<a class=\"black\" href=\"mailto:info@heizungshelfer.de\">Mailadresse\u00a0Sabrina M\u00f6ller<\/a><\/p>\n<p>Mitglied der Handwerkskammer OWL<\/p>\n<p>&nbsp;<\/p>\n","protected":false},"excerpt":{"rendered":"<p>Redaktion: Fa. M\u00f6ller Heizung und Service GmbH Verantwortlich i.S.d.P.: Sabrina M\u00f6ller, Gesch\u00e4ftsf\u00fchrer Anschrift: Johnstra\u00dfe 2, 32429 Minden, Bundesrepublik Deutschland Steuernummer: 335 \/ 5747 \/ 4681 HR: HRB 4181 Gesch\u00e4ftsf\u00fchrer:\u00a0Sabrina M\u00f6ller Tel. +49 &#8211; 571 &#8211; 50 50 33 Fax. +49 &hellip; <a href=\"http:\/\/heizungshelfer.de\/?page_id=78\">Weiterlesen <span class=\"meta-nav\">&rarr;<\/span><\/a><\/p>\n","protected":false},"author":1,"featured_media":0,"parent":0,"menu_order":0,"comment_status":"closed","ping_status":"closed","template":"","meta":{"footnotes":""},"class_list":["post-78","page","type-page","status-publish","hentry"],"_links":{"self":[{"href":"http:\/\/heizungshelfer.de\/index.php?rest_route=\/wp\/v2\/pages\/78","targetHints":{"allow":["GET"]}}],"collection":[{"href":"http:\/\/heizungshelfer.de\/index.php?rest_route=\/wp\/v2\/pages"}],"about":[{"href":"http:\/\/heizungshelfer.de\/index.php?rest_route=\/wp\/v2\/types\/page"}],"author":[{"embeddable":true,"href":"http:\/\/heizungshelfer.de\/index.php?rest_route=\/wp\/v2\/users\/1"}],"replies":[{"embeddable":true,"href":"http:\/\/heizungshelfer.de\/index.php?rest_route=%2Fwp%2Fv2%2Fcomments&post=78"}],"version-history":[{"count":5,"href":"http:\/\/heizungshelfer.de\/index.php?rest_route=\/wp\/v2\/pages\/78\/revisions"}],"predecessor-version":[{"id":374,"href":"http:\/\/heizungshelfer.de\/index.php?rest_route=\/wp\/v2\/pages\/78\/revisions\/374"}],"wp:attachment":[{"href":"http:\/\/heizungshelfer.de\/index.php?rest_route=%2Fwp%2Fv2%2Fmedia&parent=78"}],"curies":[{"name":"wp","href":"https:\/\/api.w.org\/{rel}","templated":true}]}}