{"id":53,"date":"2015-02-19T15:24:17","date_gmt":"2015-02-19T14:24:17","guid":{"rendered":"http:\/\/moeller-website.hsnetworks.de\/?page_id=53"},"modified":"2016-09-14T15:24:50","modified_gmt":"2016-09-14T13:24:50","slug":"foerdermittel-fuer-schornsteinfeger","status":"publish","type":"page","link":"http:\/\/heizungshelfer.de\/?page_id=53","title":{"rendered":"F\u00f6rdermittel f\u00fcr Schornsteinfeger?"},"content":{"rendered":"<h4>\u00dcber F\u00f6rderungen und Energieeinsparung<\/h4>\n<p>Ein sehr besorgniserregenderes Thema sind die Ausw\u00fcchse, die sich derzeit (Stand 2000\/01 )bei uns in NRW hinsichtlich der &#8222;Abgreifung&#8220; von F\u00f6rdermitteln abspielen.<\/p>\n<p>Hierzu habe ich seinerzeit der Landesregierung auf der NRW-Page folgende &#8222;Stellungnahme&#8220; hinterlassen, die erkennen l\u00e4\u00dft, wie mit fast allen Mitteln versucht wird, die me\u00dfpflichtbefreite Brennwerttechnik sogar unter Zuhilfenahme von Steuermitteln zu bek\u00e4mpfen:<\/p>\n<p>Schreiben in das NRW-Online-Forum :<br \/>\n<!-- p>\n\n\n<hr \/>\n\n\n\n&nbsp;\n\n<center><b><span style=\"text-decoration: underline;\">F\u00f6rdermittel f\u00fcr Schornsteinfeger ?<\/span><\/b><\/center><b>Der Hintergrund:<\/b>\n\nDas Land NRW f\u00f6rdert den \"Geb\u00e4ude-Energie-Check\", eine sinnvolle Energiespar-Beratung f\u00fcr Hausbesitzer.\n\nEs werden pro Jahr 6.000 Checks zu je 100 DM gef\u00f6rdert, die F\u00f6rderung bel\u00e4uft sich also auf 600.000 DM per anno.\n\n<b>Die erhoffte Wirkung :\u00a0<\/b>\n\nHausbesitzern soll aufgezeigt werden, wo in Ihrem Haus die Schwachstellen sind und zu Investitionen in z.B. sinnvolle Brennwert-Heiztechnik oder z.B. in bessere Fenster\/Au\u00dfend\u00e4mmung etc. animiert werden.\n\n<b>Der Haken:<\/b>\n\nDiese f\u00f6rderf\u00e4hige Beratung d\u00fcrfen nur Berater ausf\u00fchren, die ein gewisses Anforderungsprofil aufweisen:\n\n1. Kenntnisse von Heizkesseln und Regelungen\n2. Kenntnisse von D\u00e4mmma\u00dfnahmen\n3. Erfahrung im Sanierungsbereich\n\nWer k\u00f6nnte dies besser, als erfahrene Heizungsfachleute oder z.B. die Energieberater der Verbraucherzentralen ?\n\n<b>Die Realit\u00e4t:<\/b>\n\nGerade die Schornsteinfegerinnung behauptet nun von sich, genau diese Punkte zu erf\u00fcllen (!!), l\u00e4\u00dft Ihre Mitglieder in einem 2 (!) Tages-Seminar, auf welchem der Umgang mit der zugeh\u00f6rigen Software (?) und die Kommunikation mit Kunden (??) beigebracht wird, \"schulen\" und bezeichnet diese daraufhin (ohne Pr\u00fcfung selbstverst\u00e4ndlich, lediglich die Teilnahme an diesem \"PC-Seminar\" reicht) als Berater f\u00fcr diesen Geb\u00e4ude-Check.\n\nAlso die gleichen Leute, die in Deutschland seit mind. 12 Jahren gegen die energiesparende (und me\u00dfpflichtbefreite) Brennwert-Heiztechnik agieren; die bis heute den Kunden weismachen wollen, da\u00df die von ihnen ermittelten Abgasverluste etwas mit dem Verbrauch zu tun h\u00e4tten; die heute noch 25 Jahre alte (und \u00e4ltere!) Heizkessel abnehmen (und wegen den guten Werten loben ! Obwohl diese Sch\u00e4tzchen teilweise 5.000 Liter Heiz\u00f6l und mehr f\u00fcr ein Einfamilienhaus verbrauchen); die es bis heute nicht interessiert, ob die Kunden die (gesetzlich vorgeschriebene, weil nachgewiesenerma\u00dfen energiesparend und systemsichernde) Wartung\/Heizkesselreinigung ausgef\u00fchrt haben; die hier in Deutschland ein einzigartiges Monopol aufgebaut haben (nat\u00fcrlich im Sinne des Verbrauchers...) geben sich jetzt als \"bef\u00e4higte\" und \"neutrale\" Berater aus ....\n\n<b>Hoffnung:<\/b>\n\nIch hoffe, da\u00df energiesparwillige Hausbesitzer zuerst zu dem f\u00fcr ihren Bereich zust\u00e4ndigen Energieberater der Verbraucherzentrale gehen, oder zu dem Heizungstechniker Ihres Vertrauens, der Ihnen sicherlich kompetenter und vor allem \"Neutraler\" den Vorteil eines 30-40 % sparenden Brennwertheizkessels (vielleicht sogar in Verbindung mit einer g\u00fcnstigen und leistungsf\u00e4higen Solaranlage) gegen\u00fcber einer teuren 13 % sparenden Hausd\u00e4mmung bzw. 7 % sparenden Hochisolier-Verglasung darlegt.\n\nUnd der vorallem hierf\u00fcr NICHT 600.000 DM F\u00f6rdergelder aus einem F\u00f6rdertopf abgreift, dessen Hauptaufgabe nicht darin liegt, einer ohnehin konkurenzlos arbeitende Monopolgesellschaft, zu einer zus\u00e4tzlichen Einnahmequelle zu verhelfen.\n\nMit energiesparendem Gru\u00df:\n\nJ\u00fcrgen M\u00f6ller\n\nHeizungsbaumeister \n\n<p -->\n","protected":false},"excerpt":{"rendered":"<p>\u00dcber F\u00f6rderungen und Energieeinsparung Ein sehr besorgniserregenderes Thema sind die Ausw\u00fcchse, die sich derzeit (Stand 2000\/01 )bei uns in NRW hinsichtlich der &#8222;Abgreifung&#8220; von F\u00f6rdermitteln abspielen. Hierzu habe ich seinerzeit der Landesregierung auf der NRW-Page folgende &#8222;Stellungnahme&#8220; hinterlassen, die erkennen &hellip; <a href=\"http:\/\/heizungshelfer.de\/?page_id=53\">Weiterlesen <span class=\"meta-nav\">&rarr;<\/span><\/a><\/p>\n","protected":false},"author":1,"featured_media":0,"parent":49,"menu_order":0,"comment_status":"closed","ping_status":"closed","template":"","meta":{"footnotes":""},"class_list":["post-53","page","type-page","status-publish","hentry"],"_links":{"self":[{"href":"http:\/\/heizungshelfer.de\/index.php?rest_route=\/wp\/v2\/pages\/53","targetHints":{"allow":["GET"]}}],"collection":[{"href":"http:\/\/heizungshelfer.de\/index.php?rest_route=\/wp\/v2\/pages"}],"about":[{"href":"http:\/\/heizungshelfer.de\/index.php?rest_route=\/wp\/v2\/types\/page"}],"author":[{"embeddable":true,"href":"http:\/\/heizungshelfer.de\/index.php?rest_route=\/wp\/v2\/users\/1"}],"replies":[{"embeddable":true,"href":"http:\/\/heizungshelfer.de\/index.php?rest_route=%2Fwp%2Fv2%2Fcomments&post=53"}],"version-history":[{"count":2,"href":"http:\/\/heizungshelfer.de\/index.php?rest_route=\/wp\/v2\/pages\/53\/revisions"}],"predecessor-version":[{"id":315,"href":"http:\/\/heizungshelfer.de\/index.php?rest_route=\/wp\/v2\/pages\/53\/revisions\/315"}],"up":[{"embeddable":true,"href":"http:\/\/heizungshelfer.de\/index.php?rest_route=\/wp\/v2\/pages\/49"}],"wp:attachment":[{"href":"http:\/\/heizungshelfer.de\/index.php?rest_route=%2Fwp%2Fv2%2Fmedia&parent=53"}],"curies":[{"name":"wp","href":"https:\/\/api.w.org\/{rel}","templated":true}]}}