{"id":51,"date":"2015-02-19T15:23:26","date_gmt":"2015-02-19T14:23:26","guid":{"rendered":"http:\/\/moeller-website.hsnetworks.de\/?page_id=51"},"modified":"2016-09-14T15:23:33","modified_gmt":"2016-09-14T13:23:33","slug":"allgemeines-zu-schornsteinfegern","status":"publish","type":"page","link":"http:\/\/heizungshelfer.de\/?page_id=51","title":{"rendered":"Allgemeines zu Schornsteinfegern"},"content":{"rendered":"<p><strong>Schornsteinfeger sind, wie jeder Handwerker&#8230; mal so, mal so.<\/strong><\/p>\n<p>Der einzige Unterschied besteht darin, da\u00df das Schornsteinfegerhandwerk zu den letzten Monopolen in unserer Gesellschaft geh\u00f6rt und eine kleine Anzahl ihrer Gemeinschaft anscheinend diese Machtstellung ab und zu auszunutzen versucht.<\/p>\n<p><strong>Doch, wie sagt schon das Kinderlied: &#8222;Wer hat Angst vorm schwarzen Mann ?&#8230;..&#8220; Eben !<\/strong><\/p>\n<p>Also keine Hemmungen, wenn Sie meinen, da\u00df der Ihnen &#8222;verordnete&#8220; BSM (Bezirksschornsteinfegermeister) seine Kompetenzen \u00fcberschreitet. Fordern Sie Ihn einfach auf, seine M\u00e4ngel etc. schriftlich aufzuf\u00fchren, vorallem aber auch Ihnen mitzuteilen, auf welcher Grundlage er welche Ma\u00dfnahmen in Ihrem Haus durchf\u00fchren will.<\/p>\n<p>Lassen Sie sich nicht mit dem Hinweis &#8222;steht in der K\u00dcO&#8220; abspeisen ! Lassen Sie sich die K\u00dcO (Kehr- und \u00dcberpr\u00fcfungs-Ordnung) und die BImschV zeigen und achten Sie vor allem auf die vielen Ausnahmen. Wenden Sie sich sofort, wenn Sie meinen, da\u00df irgendetwas nicht korrekt ist, an die zust\u00e4ndige Landesinnung der Schornsteinfeger, an die Verbraucherzentralen oder gar an das zust\u00e4ndige Ministerium Ihres Bundeslandes.<\/p>\n<p>Aus vielen Zuschriften und auch aus eigener Erfahrung mu\u00df ich sagen, da\u00df anscheinend ein paar &#8222;schwarze&#8220; Schafe im doppelten Sinne unter dieser Monopolgesellschaft weilen, deren Handlungen sicherlich schon unter den Begriff &#8222;vors\u00e4tzlicher Betrug&#8220; laufen. Es kann weder der Schornsteinfegerinnung noch den anderen korrekten BSM\u00b4s gleichg\u00fcltig sein, da\u00df diese Personen weiterhin ihr munteres Treiben auf Kosten der Umwelt und der Kundschaft austragen.<\/p>\n<p>So ist gerade innerhalb der letzten Jahre folgender Fall immer wieder mal aufgetreten, bei dem Sie sich wehren m\u00fcssen:<\/p>\n<p>Brennwertheizkessel werden grunds\u00e4tzlich NICHT hinsichtlich Ihrer Abgaswerte lt. 1.BImSchV gemessen! Und zwar weder bei \u00d6l, noch bei Gasfeuerung! Es gibt zwar Bundesl\u00e4nder, die eine CO-\u00dcberpr\u00fcfung (teilweise nur alle 2 Jahre) vorschreiben, aber keine Messung der Abgaswerte !<\/p>\n<p>Nur eine j\u00e4hrliche &#8222;Abgasleitungs\u00fcberpr\u00fcfung&#8220; (BSM schaut ins Abgasrohr, ob ein Vogel Selbstmord begangen hat) ist Pflicht, die m.E. allerdings weder der Sicherheit dient (alle modernen Brennwertger\u00e4te w\u00fcrden sich bei Verstopfung der Abgasleitung abschalten) noch in irgendeiner Weise der Einsparung von Energie.<\/p>\n<p><strong>Oder, immer wieder vorgekommen:<\/strong><\/p>\n<p>Schornsteine von Gasheizungen werden NICHT automatisch jedes Jahr gekehrt ! (NRW) Dies geschieht ausschlie\u00dflich &#8222;auf Bedarf&#8220;, soll bedeuten: nur, wenn die Sicherheit der Heizung durch z.B. Verstopfung nicht mehr gew\u00e4hrleistet werden kann.<\/p>\n<p><strong>Aber, nicht, da\u00df man mich falsch versteht:<\/strong><\/p>\n<p>Dies ist KEINE allgemeing\u00fcltige Kritik an den Schornsteinfegern, sondern, wie oben angef\u00fchrt, nur Kritik an einem kleinen Teil der BSMs. Es gibt durchaus hervorragende Schornsteinfeger, die nicht nur den eigenen Beruf, sondern auch die Kundenw\u00fcnsche ernst nehmen. Ein besonders gelungenes Beispiel m\u00f6chte ich daher nicht vorenthalten:<\/p>\n<p>BSM Kuntke aus Sachsen hat eine sehr professionelle und Hausbesitzer-hilfreiche Internetseite, die Sie unbedingt mal besuchen sollten.<\/p>\n<p>Wir sind zwar nicht unbedingt einer Meinung hinsichtlich der von mir favorisierten Brennwerttechnik, aber dies tut einem konstruktiven Austausch keinen Abbruch \ud83d\ude42<\/p>\n","protected":false},"excerpt":{"rendered":"<p>Schornsteinfeger sind, wie jeder Handwerker&#8230; mal so, mal so. Der einzige Unterschied besteht darin, da\u00df das Schornsteinfegerhandwerk zu den letzten Monopolen in unserer Gesellschaft geh\u00f6rt und eine kleine Anzahl ihrer Gemeinschaft anscheinend diese Machtstellung ab und zu auszunutzen versucht. Doch, &hellip; <a href=\"http:\/\/heizungshelfer.de\/?page_id=51\">Weiterlesen <span class=\"meta-nav\">&rarr;<\/span><\/a><\/p>\n","protected":false},"author":1,"featured_media":0,"parent":49,"menu_order":0,"comment_status":"closed","ping_status":"closed","template":"","meta":{"footnotes":""},"class_list":["post-51","page","type-page","status-publish","hentry"],"_links":{"self":[{"href":"http:\/\/heizungshelfer.de\/index.php?rest_route=\/wp\/v2\/pages\/51","targetHints":{"allow":["GET"]}}],"collection":[{"href":"http:\/\/heizungshelfer.de\/index.php?rest_route=\/wp\/v2\/pages"}],"about":[{"href":"http:\/\/heizungshelfer.de\/index.php?rest_route=\/wp\/v2\/types\/page"}],"author":[{"embeddable":true,"href":"http:\/\/heizungshelfer.de\/index.php?rest_route=\/wp\/v2\/users\/1"}],"replies":[{"embeddable":true,"href":"http:\/\/heizungshelfer.de\/index.php?rest_route=%2Fwp%2Fv2%2Fcomments&post=51"}],"version-history":[{"count":3,"href":"http:\/\/heizungshelfer.de\/index.php?rest_route=\/wp\/v2\/pages\/51\/revisions"}],"predecessor-version":[{"id":314,"href":"http:\/\/heizungshelfer.de\/index.php?rest_route=\/wp\/v2\/pages\/51\/revisions\/314"}],"up":[{"embeddable":true,"href":"http:\/\/heizungshelfer.de\/index.php?rest_route=\/wp\/v2\/pages\/49"}],"wp:attachment":[{"href":"http:\/\/heizungshelfer.de\/index.php?rest_route=%2Fwp%2Fv2%2Fmedia&parent=51"}],"curies":[{"name":"wp","href":"https:\/\/api.w.org\/{rel}","templated":true}]}}