{"id":47,"date":"2015-02-19T15:22:16","date_gmt":"2015-02-19T14:22:16","guid":{"rendered":"http:\/\/moeller-website.hsnetworks.de\/?page_id=47"},"modified":"2016-09-14T16:04:49","modified_gmt":"2016-09-14T14:04:49","slug":"gerissene-fliesen-abgerissene-wandleisten","status":"publish","type":"page","link":"http:\/\/heizungshelfer.de\/?page_id=47","title":{"rendered":"Gerissene Fliesen, abgerissene Wandleisten"},"content":{"rendered":"<p>Die Erfahrung zeigt, da\u00df diese Ph\u00e4nomene fast niemals zu Lasten der FB-Heizung geht, sondern fast immer an dem Fliesenleger oder einer falschen Trockenheizung des frischen Estrichs liegt.<\/p>\n<p>Wenn der Estrich nicht korrekt trockengeheizt wurde (aus Terminnot, Unwissenheit etc.) hat er beim Belegen mit Fliesen noch soviel Spannung durch die Feuchtigkeit, da\u00df die Fliesen rei\u00dfen m\u00fcssen, wenn er mit der Zeit nachtrocknet.<\/p>\n<p>Der Grund f\u00fcr die abgerissenen Randleisten ist die Besonderheit des Estrichs beim Trocknen. Dadurch, da\u00df die Oberseite schneller trocknet (Kontakt mit Luft) als die Unterseite, stellt der Estrich sich unmerklich an den Ecken hoch. Belegt der Fliesenleger jetzt die Fl\u00e4che und setzt die Randleisten, so kommt es durch das sp\u00e4tere Durchtrocknen wieder zu einer Absenkung der Ecken mit resultierendem Randleistenabri\u00df.<\/p>\n<p>Achten Sie (gerade im Neubau) darauf, da\u00df Ihnen ein Aufheizprotokoll mit genauen Aufheiz- und Abheizphasen zur Verf\u00fcgung gestellt wird, soda\u00df der Fleisenleger erst belegt, wenn der Estrich wirklich trocken ist. Viele Estrichleger in unserem Kreis lehnen mittlerweile sogar die Randleisten-Verfugung ab, wenn der Estrich nicht mindestens durch eine Heizperiode gegangen ist.<\/p>\n","protected":false},"excerpt":{"rendered":"<p>Die Erfahrung zeigt, da\u00df diese Ph\u00e4nomene fast niemals zu Lasten der FB-Heizung geht, sondern fast immer an dem Fliesenleger oder einer falschen Trockenheizung des frischen Estrichs liegt. Wenn der Estrich nicht korrekt trockengeheizt wurde (aus Terminnot, Unwissenheit etc.) hat er &hellip; <a href=\"http:\/\/heizungshelfer.de\/?page_id=47\">Weiterlesen <span class=\"meta-nav\">&rarr;<\/span><\/a><\/p>\n","protected":false},"author":1,"featured_media":0,"parent":41,"menu_order":0,"comment_status":"closed","ping_status":"closed","template":"","meta":{"footnotes":""},"class_list":["post-47","page","type-page","status-publish","hentry"],"_links":{"self":[{"href":"http:\/\/heizungshelfer.de\/index.php?rest_route=\/wp\/v2\/pages\/47","targetHints":{"allow":["GET"]}}],"collection":[{"href":"http:\/\/heizungshelfer.de\/index.php?rest_route=\/wp\/v2\/pages"}],"about":[{"href":"http:\/\/heizungshelfer.de\/index.php?rest_route=\/wp\/v2\/types\/page"}],"author":[{"embeddable":true,"href":"http:\/\/heizungshelfer.de\/index.php?rest_route=\/wp\/v2\/users\/1"}],"replies":[{"embeddable":true,"href":"http:\/\/heizungshelfer.de\/index.php?rest_route=%2Fwp%2Fv2%2Fcomments&post=47"}],"version-history":[{"count":2,"href":"http:\/\/heizungshelfer.de\/index.php?rest_route=\/wp\/v2\/pages\/47\/revisions"}],"predecessor-version":[{"id":312,"href":"http:\/\/heizungshelfer.de\/index.php?rest_route=\/wp\/v2\/pages\/47\/revisions\/312"}],"up":[{"embeddable":true,"href":"http:\/\/heizungshelfer.de\/index.php?rest_route=\/wp\/v2\/pages\/41"}],"wp:attachment":[{"href":"http:\/\/heizungshelfer.de\/index.php?rest_route=%2Fwp%2Fv2%2Fmedia&parent=47"}],"curies":[{"name":"wp","href":"https:\/\/api.w.org\/{rel}","templated":true}]}}