{"id":45,"date":"2015-02-19T15:21:45","date_gmt":"2015-02-19T14:21:45","guid":{"rendered":"http:\/\/moeller-website.hsnetworks.de\/?page_id=45"},"modified":"2016-09-14T16:04:49","modified_gmt":"2016-09-14T14:04:49","slug":"raum-ist-mal-zu-warm-mal-zu-kalt","status":"publish","type":"page","link":"http:\/\/heizungshelfer.de\/?page_id=45","title":{"rendered":"Raum ist mal zu warm, mal zu kalt"},"content":{"rendered":"<p><strong>Das ist das Hauptproblem bei allen Fu\u00dfbodenheizanlagen (FBH-Anlagen).<\/strong><\/p>\n<p>So ist es zwar mittlerweile Pflicht und \u00e4u\u00dferst sinnvoll, FBH-Anlagen mit einer sogenannten &#8222;Einzelraumregelung&#8220; auszustatten, doch die wenigsten Anlagen haben dies.<\/p>\n<p>Bei diesen Anlagen \u00fcbernimmt meist nur eine witterungsgef\u00fchrte Regelung die Temperaturwahl der gesamten Heizanlage, aber R\u00e4ume, in denen Sonne oder andere &#8222;Fremdw\u00e4rme&#8220; hinzukommt wie z.B. K\u00fcche, Bad, Wohnzimmer mit Ofen, gibt es nur die M\u00f6glichkeit, manuell am Heizkreisverteiler durch Zu- und Aufdrehen einzelner Kreise die W\u00e4rmeabgabe mehr schlecht<br \/>\nals recht zu steuern.<\/p>\n<p><img decoding=\"async\" src=\"http:\/\/www.heizungshelfer.de\/bilder\/Fbh-th.gif\" alt=\"Raumthermostat\" align=\"right\" \/>Sollten Sie keine Raumthermostate in den einzelnen R\u00e4umen haben, so m\u00fcssen Sie diese unbedingt nachr\u00fcsten! Sie haben ansonsten keine Chance, die richtige W\u00e4rme in den R\u00e4umen einzustellen!<\/p>\n<p>Haben Sie Raumthermostate und einzelne R\u00e4ume sind trotzdem anscheinend &#8222;unregelbar&#8220;, so m\u00fcssen Sie pr\u00fcfen lassen, ob diese Raumregler \u00fcberhaupt korrekt angeschlossen sind. Wir haben es zum Beispiel bei einem Neukunden erlebt, da\u00df er 2 Jahre hin- und herprobiert hat, bis wir feststellten, da\u00df die Zuordnung der R\u00e4ume zu den einzelnen Kreisen v\u00f6llig falsch war.<\/p>\n<p>Wenn der Regler im Wohnzimmer abschaltete, hat er das Kinderzimmer gedrosselt, das Kinderzimmer die K\u00fcche usw.<\/p>\n<p><img decoding=\"async\" class=\" alignleft\" src=\"http:\/\/www.heizungshelfer.de\/bilder\/FBH-Verteiler.gif\" alt=\"FBH-Verteiler mit Stellantrieben (oben)\" align=\"left\" \/>Es kommt auch immer wieder vor, da\u00df die elektrischen Stellantriebe auf den Verteiler-Ventilen defekt sind, soda\u00df es im Raum immer nur ganz warm\/kalt ist. Ein anderes Problem, selbst mit funktionierender Einzelraum-Steuerung ist, da\u00df durch das Schlie\u00dfen eines Kreises die anderen Kreise mehr Wasserdurchflu\u00df bekommen. Das ist so \u00e4hnlich wie mit einer Handbrause; halten Sie einzelne L\u00f6cher zu, kommt aus den anderen mehr Wasser.<\/p>\n<p>Dieses Problem kann nur durch einen korrekten &#8222;hydraulischen Abgleich&#8220; der einzelnen Kreise, der Verteiler untereinander sowie der Pumpenleistung behoben werden. Hierbei werden die kurzen Kreise gegen\u00fcber den langen Kreisen, die Verteiler mit wenig angeschlossenen Kreisen gegen\u00fcber den Verteilern mit mehr Kreisen abgedrosselt und die Pumpe \u00fcber eine Selbstregelung oder (schlechter) ein \u00dcberstr\u00f6mventil zu einer der ge\u00f6ffnten Kreise angepasster Leistung gezwungen.<\/p>\n","protected":false},"excerpt":{"rendered":"<p>Das ist das Hauptproblem bei allen Fu\u00dfbodenheizanlagen (FBH-Anlagen). So ist es zwar mittlerweile Pflicht und \u00e4u\u00dferst sinnvoll, FBH-Anlagen mit einer sogenannten &#8222;Einzelraumregelung&#8220; auszustatten, doch die wenigsten Anlagen haben dies. Bei diesen Anlagen \u00fcbernimmt meist nur eine witterungsgef\u00fchrte Regelung die Temperaturwahl &hellip; <a href=\"http:\/\/heizungshelfer.de\/?page_id=45\">Weiterlesen <span class=\"meta-nav\">&rarr;<\/span><\/a><\/p>\n","protected":false},"author":1,"featured_media":0,"parent":41,"menu_order":0,"comment_status":"closed","ping_status":"closed","template":"","meta":{"footnotes":""},"class_list":["post-45","page","type-page","status-publish","hentry"],"_links":{"self":[{"href":"http:\/\/heizungshelfer.de\/index.php?rest_route=\/wp\/v2\/pages\/45","targetHints":{"allow":["GET"]}}],"collection":[{"href":"http:\/\/heizungshelfer.de\/index.php?rest_route=\/wp\/v2\/pages"}],"about":[{"href":"http:\/\/heizungshelfer.de\/index.php?rest_route=\/wp\/v2\/types\/page"}],"author":[{"embeddable":true,"href":"http:\/\/heizungshelfer.de\/index.php?rest_route=\/wp\/v2\/users\/1"}],"replies":[{"embeddable":true,"href":"http:\/\/heizungshelfer.de\/index.php?rest_route=%2Fwp%2Fv2%2Fcomments&post=45"}],"version-history":[{"count":6,"href":"http:\/\/heizungshelfer.de\/index.php?rest_route=\/wp\/v2\/pages\/45\/revisions"}],"predecessor-version":[{"id":311,"href":"http:\/\/heizungshelfer.de\/index.php?rest_route=\/wp\/v2\/pages\/45\/revisions\/311"}],"up":[{"embeddable":true,"href":"http:\/\/heizungshelfer.de\/index.php?rest_route=\/wp\/v2\/pages\/41"}],"wp:attachment":[{"href":"http:\/\/heizungshelfer.de\/index.php?rest_route=%2Fwp%2Fv2%2Fmedia&parent=45"}],"curies":[{"name":"wp","href":"https:\/\/api.w.org\/{rel}","templated":true}]}}