{"id":43,"date":"2015-02-19T15:21:26","date_gmt":"2015-02-19T14:21:26","guid":{"rendered":"http:\/\/moeller-website.hsnetworks.de\/?page_id=43"},"modified":"2016-09-14T16:04:49","modified_gmt":"2016-09-14T14:04:49","slug":"einzelne-kreise-werden-nicht-mehr-warm","status":"publish","type":"page","link":"http:\/\/heizungshelfer.de\/?page_id=43","title":{"rendered":"Einzelne Kreise werden nicht mehr warm"},"content":{"rendered":"<p>Dies ist meist nicht ein Problem der Verschlammung der Fu\u00dfbodenheizung, sondern vielmehr eine Wirkung, weil sich der Verteiler bzw. die Verteiler-Ventile oder die Umw\u00e4lzpumpe zugesetzt haben.<\/p>\n<p>Besonders h\u00e4ufig ist dies der Fall, wenn die Fu\u00dfbodenheizung ( FBH ) schon etwas \u00e4lter ist, keinen W\u00e4rmetauscher hat und der Verteiler noch aus Stahlblech besteht.<\/p>\n<p>In diesem Fall kann man mit Sp\u00fclen der Anlage nur einen kurzfristigen Erfolg erzielen. Hier w\u00e4re dringend zu raten, da\u00df Sie sich einen Messing- oder Kunststoff-Verteiler mit neuen Ventilen einbauen lassen. Einen W\u00e4rmetauscher empfehle ich weniger, da dies immer auch bedeutet, eine Pumpe zus\u00e4tzlich (Stromkosten, anf\u00e4llig) betreiben zu m\u00fcssen.<\/p>\n<p>Besser, kosten- und verbrauchsg\u00fcnstiger ist die Einf\u00fcllung eines sogenannten Inhibitors, eines Korrosionsschutzmittels, welches verhindert, da\u00df die anderen Anlagenteile wie Heizk\u00f6rper, Rohre etc. rosten und Dreck in das System bringen.<\/p>\n<p>M\u00f6chten Sie trotzdem erst den einzelnen Kreis zum Mitheizen bringen, so sollten Sie beim Sp\u00fclen beachten, jeden Kreis einzeln zu sp\u00fclen ! Sp\u00fclen Sie abwechselnd auch entgegen der Ventil-Flu\u00dfrichtung !<\/p>\n<p>Es gibt auch Reinigungsmittel, die man erst ca. 1 Woche in der gesamten Anlage wirken lassen mu\u00df, bevor man sp\u00fclt. Der Nachteil hierbei ist, da\u00df nicht mitlaufende Kreise auch kein Reiniger abbekommen, da\u00df die meist harten Inkrustationen hierdurch nicht vollst\u00e4ndig gel\u00f6st werden, da\u00df diese Mittelchen sehr teuer sind, und vorallem, da\u00df nicht jedes Produkt f\u00fcr alle FBH-Anlagen zugelassen ist (Garantieverlust!).<\/p>\n<p>Letztendlich aber sollten Sie sich zu einer Sanierung mit nicht-korrodierenden Materialien entscheiden, da alles andere lediglich aufschiebende Wirkung hat.<\/p>\n<p>Was Sie unbedingt vorher noch versuchen sollten ist, die anderen Kreise etwas zu drosseln, da\u00df bedeutet die k\u00fcrzesten Leitungen (meistens Toilette\/Flur) fast zuzudrehen, die Kinderzimmer auf Mittelstellung und nur die l\u00e4ngsten Kreise (Bad \/ Wohnzimmer) ganz offen zu haben. Ergibt sich eine deutliche Verbesserung, so sollten Sie die Kreise &#8222;hydraulisch abgleichen&#8220; lassen !<\/p>\n","protected":false},"excerpt":{"rendered":"<p>Dies ist meist nicht ein Problem der Verschlammung der Fu\u00dfbodenheizung, sondern vielmehr eine Wirkung, weil sich der Verteiler bzw. die Verteiler-Ventile oder die Umw\u00e4lzpumpe zugesetzt haben. Besonders h\u00e4ufig ist dies der Fall, wenn die Fu\u00dfbodenheizung ( FBH ) schon etwas &hellip; <a href=\"http:\/\/heizungshelfer.de\/?page_id=43\">Weiterlesen <span class=\"meta-nav\">&rarr;<\/span><\/a><\/p>\n","protected":false},"author":1,"featured_media":0,"parent":41,"menu_order":0,"comment_status":"closed","ping_status":"closed","template":"","meta":{"footnotes":""},"class_list":["post-43","page","type-page","status-publish","hentry"],"_links":{"self":[{"href":"http:\/\/heizungshelfer.de\/index.php?rest_route=\/wp\/v2\/pages\/43","targetHints":{"allow":["GET"]}}],"collection":[{"href":"http:\/\/heizungshelfer.de\/index.php?rest_route=\/wp\/v2\/pages"}],"about":[{"href":"http:\/\/heizungshelfer.de\/index.php?rest_route=\/wp\/v2\/types\/page"}],"author":[{"embeddable":true,"href":"http:\/\/heizungshelfer.de\/index.php?rest_route=\/wp\/v2\/users\/1"}],"replies":[{"embeddable":true,"href":"http:\/\/heizungshelfer.de\/index.php?rest_route=%2Fwp%2Fv2%2Fcomments&post=43"}],"version-history":[{"count":2,"href":"http:\/\/heizungshelfer.de\/index.php?rest_route=\/wp\/v2\/pages\/43\/revisions"}],"predecessor-version":[{"id":306,"href":"http:\/\/heizungshelfer.de\/index.php?rest_route=\/wp\/v2\/pages\/43\/revisions\/306"}],"up":[{"embeddable":true,"href":"http:\/\/heizungshelfer.de\/index.php?rest_route=\/wp\/v2\/pages\/41"}],"wp:attachment":[{"href":"http:\/\/heizungshelfer.de\/index.php?rest_route=%2Fwp%2Fv2%2Fmedia&parent=43"}],"curies":[{"name":"wp","href":"https:\/\/api.w.org\/{rel}","templated":true}]}}