{"id":37,"date":"2015-02-19T15:18:53","date_gmt":"2015-02-19T14:18:53","guid":{"rendered":"http:\/\/moeller-website.hsnetworks.de\/?page_id=37"},"modified":"2016-09-14T16:04:49","modified_gmt":"2016-09-14T14:04:49","slug":"austauschmoeglichkeiten-fuer-alte-heizkoerper","status":"publish","type":"page","link":"http:\/\/heizungshelfer.de\/?page_id=37","title":{"rendered":"Austauschm\u00f6glichkeiten f\u00fcr alte Heizk\u00f6rper"},"content":{"rendered":"<p>Es gibt \u00fcbrigens seit kurzem Flachheizk\u00f6rper, die genau zu den Ma\u00dfen von alten DIN-Radiatoren (Rippenheizk\u00f6rper) passen. Somit werden die Umr\u00fcstkosten erheblich gesenkt, da keine Rohrleitungsanpassungsma\u00dfnahmen get\u00e4tigt werden m\u00fcssen.<\/p>\n<p>Flachheizk\u00f6rper mit &#8222;altem&#8220; Anschlussma\u00df:<\/p>\n<p><img decoding=\"async\" src=\"http:\/\/www.heizungshelfer.de\/bilder\/HKAlt-Neu.gif\" alt=\"Flachheizk\u00f6rper mit altem Anschlussma\u00df\" \/><\/p>\n<p>Bei Interesse bitte\u00a0<a href=\"mailto:heizungshelfer.juergen.moeller@t-online.de\">anmailen<\/a>.<\/p>\n","protected":false},"excerpt":{"rendered":"<p>Es gibt \u00fcbrigens seit kurzem Flachheizk\u00f6rper, die genau zu den Ma\u00dfen von alten DIN-Radiatoren (Rippenheizk\u00f6rper) passen. Somit werden die Umr\u00fcstkosten erheblich gesenkt, da keine Rohrleitungsanpassungsma\u00dfnahmen get\u00e4tigt werden m\u00fcssen. Flachheizk\u00f6rper mit &#8222;altem&#8220; Anschlussma\u00df: Bei Interesse bitte\u00a0anmailen.<\/p>\n","protected":false},"author":1,"featured_media":0,"parent":24,"menu_order":0,"comment_status":"closed","ping_status":"closed","template":"","meta":{"footnotes":""},"class_list":["post-37","page","type-page","status-publish","hentry"],"_links":{"self":[{"href":"http:\/\/heizungshelfer.de\/index.php?rest_route=\/wp\/v2\/pages\/37","targetHints":{"allow":["GET"]}}],"collection":[{"href":"http:\/\/heizungshelfer.de\/index.php?rest_route=\/wp\/v2\/pages"}],"about":[{"href":"http:\/\/heizungshelfer.de\/index.php?rest_route=\/wp\/v2\/types\/page"}],"author":[{"embeddable":true,"href":"http:\/\/heizungshelfer.de\/index.php?rest_route=\/wp\/v2\/users\/1"}],"replies":[{"embeddable":true,"href":"http:\/\/heizungshelfer.de\/index.php?rest_route=%2Fwp%2Fv2%2Fcomments&post=37"}],"version-history":[{"count":1,"href":"http:\/\/heizungshelfer.de\/index.php?rest_route=\/wp\/v2\/pages\/37\/revisions"}],"predecessor-version":[{"id":38,"href":"http:\/\/heizungshelfer.de\/index.php?rest_route=\/wp\/v2\/pages\/37\/revisions\/38"}],"up":[{"embeddable":true,"href":"http:\/\/heizungshelfer.de\/index.php?rest_route=\/wp\/v2\/pages\/24"}],"wp:attachment":[{"href":"http:\/\/heizungshelfer.de\/index.php?rest_route=%2Fwp%2Fv2%2Fmedia&parent=37"}],"curies":[{"name":"wp","href":"https:\/\/api.w.org\/{rel}","templated":true}]}}