{"id":35,"date":"2015-02-19T15:18:27","date_gmt":"2015-02-19T14:18:27","guid":{"rendered":"http:\/\/moeller-website.hsnetworks.de\/?page_id=35"},"modified":"2016-09-14T15:15:26","modified_gmt":"2016-09-14T13:15:26","slug":"laute-schlaggeraeusche-maschinengewehr-aehnlich","status":"publish","type":"page","link":"http:\/\/heizungshelfer.de\/?page_id=35","title":{"rendered":"Laute Schlagger\u00e4usche (Maschinengewehr-\u00e4hnlich)"},"content":{"rendered":"<p><strong>Fehlervermutung:<\/strong><\/p>\n<p>Dies ist ein typisches Zeichen daf\u00fcr, da\u00df der Heizk\u00f6rper falsch angeschlossen wurde.<\/p>\n<p><strong>Vorgehensweise:<\/strong><\/p>\n<ul>\n<ul>\n<li>Schlie\u00dfen Sie alle Heizk\u00f6rper-TH-Ventile.<\/li>\n<li>Warten Sie etwa 10 Minuten, bis sich die Heizk\u00f6rper etwas abgek\u00fchlt haben.<\/li>\n<li>\u00d6ffnen Sie jetzt an dem ersten Heizk\u00f6rper das Thermostat-Ventil ganz und fassen Sie an die Heizk\u00f6rperzuleitungen.<\/li>\n<\/ul>\n<\/ul>\n<p>Welche Seite wird zuerst warm ? Oben (Vorlauf) oder Unten R\u00fccklauf) ? <i>(<\/i><em>bei Heizk\u00f6rpern mit eingebautem Ventil entspricht meist der zur Heizk\u00f6rpermitte gelegene Rohranschlu\u00df dem Vorlauf<\/em><i>)<\/i><\/p>\n<p>Wird bei irgendeinem Heizk\u00f6rper zuerst der R\u00fccklauf warm, so ist der Heizk\u00f6rper falsch angeschlossen und das Thermostat-Ventil produziert durch die falsche Flu\u00dfrichtung Druckschl\u00e4ge.<\/p>\n<p>Abhilfe kann durch Neuanschlu\u00df des Heizk\u00f6rpers oder der Sammelzuleitung erfolgen, wenn dies nur unter gro\u00dfem Aufwand m\u00f6glich ist, gibt es noch die M\u00f6glichkeit, Thermostat-Ventile mit der entgegengesetzten Flu\u00dfrichtung einzubauen; hierbei ist die Leistung des Heizk\u00f6rpers jedoch bedeutend geringer !<\/p>\n","protected":false},"excerpt":{"rendered":"<p>Fehlervermutung: Dies ist ein typisches Zeichen daf\u00fcr, da\u00df der Heizk\u00f6rper falsch angeschlossen wurde. Vorgehensweise: Schlie\u00dfen Sie alle Heizk\u00f6rper-TH-Ventile. Warten Sie etwa 10 Minuten, bis sich die Heizk\u00f6rper etwas abgek\u00fchlt haben. \u00d6ffnen Sie jetzt an dem ersten Heizk\u00f6rper das Thermostat-Ventil ganz &hellip; <a href=\"http:\/\/heizungshelfer.de\/?page_id=35\">Weiterlesen <span class=\"meta-nav\">&rarr;<\/span><\/a><\/p>\n","protected":false},"author":1,"featured_media":0,"parent":24,"menu_order":0,"comment_status":"closed","ping_status":"closed","template":"","meta":{"footnotes":""},"class_list":["post-35","page","type-page","status-publish","hentry"],"_links":{"self":[{"href":"http:\/\/heizungshelfer.de\/index.php?rest_route=\/wp\/v2\/pages\/35","targetHints":{"allow":["GET"]}}],"collection":[{"href":"http:\/\/heizungshelfer.de\/index.php?rest_route=\/wp\/v2\/pages"}],"about":[{"href":"http:\/\/heizungshelfer.de\/index.php?rest_route=\/wp\/v2\/types\/page"}],"author":[{"embeddable":true,"href":"http:\/\/heizungshelfer.de\/index.php?rest_route=\/wp\/v2\/users\/1"}],"replies":[{"embeddable":true,"href":"http:\/\/heizungshelfer.de\/index.php?rest_route=%2Fwp%2Fv2%2Fcomments&post=35"}],"version-history":[{"count":2,"href":"http:\/\/heizungshelfer.de\/index.php?rest_route=\/wp\/v2\/pages\/35\/revisions"}],"predecessor-version":[{"id":304,"href":"http:\/\/heizungshelfer.de\/index.php?rest_route=\/wp\/v2\/pages\/35\/revisions\/304"}],"up":[{"embeddable":true,"href":"http:\/\/heizungshelfer.de\/index.php?rest_route=\/wp\/v2\/pages\/24"}],"wp:attachment":[{"href":"http:\/\/heizungshelfer.de\/index.php?rest_route=%2Fwp%2Fv2%2Fmedia&parent=35"}],"curies":[{"name":"wp","href":"https:\/\/api.w.org\/{rel}","templated":true}]}}