{"id":31,"date":"2015-02-19T15:16:03","date_gmt":"2015-02-19T14:16:03","guid":{"rendered":"http:\/\/moeller-website.hsnetworks.de\/?page_id=31"},"modified":"2016-09-14T16:04:49","modified_gmt":"2016-09-14T14:04:49","slug":"ein-heizkoerper-knackt-beim-aufheizen-abkuehlen","status":"publish","type":"page","link":"http:\/\/heizungshelfer.de\/?page_id=31","title":{"rendered":"Ein Heizk\u00f6rper knackt beim Aufheizen \/ Abk\u00fchlen"},"content":{"rendered":"<p><strong>Fehlereingrenzung:<\/strong><\/p>\n<p>Knackende Ger\u00e4usche, die sich zudem in ihrem Rythmus \u00e4ndern, sind meist typische, ungewollte und sehr nervenaufreibende Nebenerscheinungen nach dem Einbau von neuen Heizkesseln, Regelungen oder Heizk\u00f6rper-Thermostatventilen. Sie geh\u00f6ren zu der Gruppe der am schlechtesten zu l\u00f6senden Probleme !<\/p>\n<p><strong>Das Problem:<\/strong><\/p>\n<p>Wenn z.B. Rohre oder Heizk\u00f6rper erw\u00e4rmt werden, dehnen sie sich aus bzw. ziehen sich zusammen bei Abk\u00fchlung. Das ist an sich noch nicht schlimm und verursacht noch keine Ger\u00e4usche.<\/p>\n<p>Wenn aber diese Rohre z.B. in alten Metallhalterungen aufgeh\u00e4ngt sind oder in W\u00e4nden ohne ausreichende Isolierung fest eingeputzt sind, entstehen beim &#8222;Schieben&#8220; bzw. &#8222;Ziehen&#8220; der Rohre Spannungen, die durch &#8222;Spannungsentladung&#8220; (Knacken) deutlich werden.<\/p>\n<p><strong>Aber warum erst nach Einbau eines neuen Kessels, einer neuen Regelung, neuen Thermostatventilen ?<\/strong><\/p>\n<p>Alte Heizungsanlagen waren meist jahrzehntelang &#8222;knackfrei&#8220;, da es so gut wie keine Temperaturunterschiede in den Rohrleitungen und den Heizk\u00f6rpern gab ! Der Heizkessel wurde noch per Hand auf einen festen Wert (z.B. 60 Grad) eingestellt, eine Regelung war nicht vorhanden und die alten Heizk\u00f6rperventile schlossen nicht automatisch.<\/p>\n<p>Neue Heizungsanlagen \u00e4ndern durch die automatische Regelung, durch Boilervorrangschaltung, durch Nachtabsenkung, durch Thermostatventile, durch selbstregelnde Pumpen etc. die Heizwassertemperatur st\u00e4ndig ! Dies ist auch gewollt, damit sich der gew\u00fcnschte Energiespareffekt einstellt.<\/p>\n<p>Der Nachteil ist das Aufdecken von Fehlern, die bei der damaligen Rohr- und Heizk\u00f6rperinstallation gemacht wurden. Es stellt sich ein \u00e4u\u00dferst l\u00e4stiges Knacken ein, welches man aber durchaus in den Griff bekommen kann.<\/p>\n<p><strong>Fehlerbehebungsversuche:<\/strong><\/p>\n<p>Bedingt durch die Nachtruhe glaubt man meist, da\u00df das Knacken nur aus dem Schlafzimmerheizk\u00f6rper kommt; die Ursache kann aber auch 10 m weiter entstehen, denn der Schall \u00fcbertr\u00e4gt sich durch die Metalleitungen hervorragend.<\/p>\n<p>Gehen Sie in den Keller und pr\u00fcfen Sie, ob die Rohrleitungen mit Gips ummantel sind. Dann ist die Wahrscheinlichkeit gro\u00df, da\u00df damals auch nur einfache Metallb\u00fcgel als Rohhalterungen genommen wurden, die das Knacken verursachen. Versuchen Sie, einzelne Leitungsabschnitte leicht hin- und her, hoch und runter zu bewegen. Achten Sie dabei auf metallische Knackger\u00e4usche.<\/p>\n<p>K\u00f6nnen Sie leichte Klick- oder Knackger\u00e4usche erkennen, so sollten Sie als erstes versuchen, die Rohrhalterungen an der Decke und im Gipspaket mit einem (am besten nicht-riechendem) Kriech\u00f6l einzuspr\u00fchen.<\/p>\n<p>In die Gipsisolierung kommen Sie mit einer Aufsatz-Kan\u00fcle, die den Kriech\u00f6ldosen meistens beiliegt. Sollten Sie nicht in das Gipspaket einspr\u00fchen k\u00f6nnen, so k\u00f6nnen Sie mit einer S\u00e4ge das Gipspaket im Bereich der Halterungen auss\u00e4gen und dann die Halterungen sogar komplett gegen Gummieinlagen-Halterungen wechseln.<\/p>\n<p>Ein weiteres Feld zur Abhilfe bietet der Heizk\u00f6rper und dessen Anbindeleitungen. Haben Sie Rippenheizk\u00f6rper oder alte Plattenheizk\u00f6rper ? Dann sind diese meist auf einfachen Metallb\u00fcgeln befestigt worden; bespr\u00fchen Sie alle Verbindungen und Halterungen mit Kriech\u00f6l, da, wo das Metall des Heizk\u00f6rpers auf Metall der Halterungen kommt.<\/p>\n<p>Wichtig sind auch die Rohre zum Heizk\u00f6rper. Kommen die Rohre mit Putz oder Fliesen direkt in Verbindung ? Dies ist bei fast allen Nischenheizk\u00f6rpern damals der Fall gewesen, da die Maurer nur (wenn \u00fcberhaupt) eine Papierschicht um die Rohre wickelten und sie dann komplett einputzten.<\/p>\n<p>Versuchen Sie zwischen Rohr und Putz mit der Kan\u00fcle und deutlich Kriech\u00f6l die Verbindung Putz\/Rohr zu schmieren.<\/p>\n<p>Pech haben Sie, wenn die Steigeleitungen in den W\u00e4nden ebenfalls nur mit Metallhalterungen befestigt wurden, oder sie die Verbindung Putz\/Rohr nicht schmieren k\u00f6nnen. Dann m\u00fcssen meist W\u00e4nde aufgemacht werden, Verbindungsleitungen in Nischen nachtr\u00e4glich isoliert werden.<br \/>\nDoch versuchen Sie die angegebenen Tips, meist f\u00fchrt dies schon zu einem Erfolg.<\/p>\n","protected":false},"excerpt":{"rendered":"<p>Fehlereingrenzung: Knackende Ger\u00e4usche, die sich zudem in ihrem Rythmus \u00e4ndern, sind meist typische, ungewollte und sehr nervenaufreibende Nebenerscheinungen nach dem Einbau von neuen Heizkesseln, Regelungen oder Heizk\u00f6rper-Thermostatventilen. Sie geh\u00f6ren zu der Gruppe der am schlechtesten zu l\u00f6senden Probleme ! Das &hellip; <a href=\"http:\/\/heizungshelfer.de\/?page_id=31\">Weiterlesen <span class=\"meta-nav\">&rarr;<\/span><\/a><\/p>\n","protected":false},"author":1,"featured_media":0,"parent":24,"menu_order":0,"comment_status":"closed","ping_status":"closed","template":"","meta":{"footnotes":""},"class_list":["post-31","page","type-page","status-publish","hentry"],"_links":{"self":[{"href":"http:\/\/heizungshelfer.de\/index.php?rest_route=\/wp\/v2\/pages\/31","targetHints":{"allow":["GET"]}}],"collection":[{"href":"http:\/\/heizungshelfer.de\/index.php?rest_route=\/wp\/v2\/pages"}],"about":[{"href":"http:\/\/heizungshelfer.de\/index.php?rest_route=\/wp\/v2\/types\/page"}],"author":[{"embeddable":true,"href":"http:\/\/heizungshelfer.de\/index.php?rest_route=\/wp\/v2\/users\/1"}],"replies":[{"embeddable":true,"href":"http:\/\/heizungshelfer.de\/index.php?rest_route=%2Fwp%2Fv2%2Fcomments&post=31"}],"version-history":[{"count":4,"href":"http:\/\/heizungshelfer.de\/index.php?rest_route=\/wp\/v2\/pages\/31\/revisions"}],"predecessor-version":[{"id":302,"href":"http:\/\/heizungshelfer.de\/index.php?rest_route=\/wp\/v2\/pages\/31\/revisions\/302"}],"up":[{"embeddable":true,"href":"http:\/\/heizungshelfer.de\/index.php?rest_route=\/wp\/v2\/pages\/24"}],"wp:attachment":[{"href":"http:\/\/heizungshelfer.de\/index.php?rest_route=%2Fwp%2Fv2%2Fmedia&parent=31"}],"curies":[{"name":"wp","href":"https:\/\/api.w.org\/{rel}","templated":true}]}}