{"id":29,"date":"2015-02-19T15:15:15","date_gmt":"2015-02-19T14:15:15","guid":{"rendered":"http:\/\/moeller-website.hsnetworks.de\/?page_id=29"},"modified":"2016-09-14T16:04:49","modified_gmt":"2016-09-14T14:04:49","slug":"ein-heizkoerper-wird-nur-oben-warm","status":"publish","type":"page","link":"http:\/\/heizungshelfer.de\/?page_id=29","title":{"rendered":"Ein Heizk\u00f6rper wird nur oben warm"},"content":{"rendered":"<p><strong>Fehlereingrenzung:<\/strong><\/p>\n<ul>\n<li>Wurde ein neues Thermostatventil vor kurzem eingebaut ?<\/li>\n<li>Befindet sich Luft im Heizk\u00f6rper ?<\/li>\n<li>Thermostatkopf wird durch Nische, Gardine oder M\u00f6bel zu warm<\/li>\n<li>Pumpenleistung zu niedrig oder defekte Pumpe.<\/li>\n<\/ul>\n<p><strong>Fehlervermutung:<\/strong><\/p>\n<p>Meistens liegt dieser Fehler an einem neu-eingebautem TH-Ventil und ist eigentlich kein Fehler, sondern nur ungewohnt, da ein neues TH-Ventil genauer arbeitet und somit fr\u00fcher den Heizk\u00f6rper-Zuflu\u00df schlie\u00dft, als mit dem alten Ventil. Typisches Beispiel: Bei dem alten Ventil wurde der Heizk\u00f6rper schon bei Stellung 2 hei\u00df, bei dem neuen erst bei Stellung 3.<\/p>\n<p>In alten Anlagen kann auch schon mal die Umw\u00e4lzpumpe ausgefallen sein, und es wurde nur deshalb nicht bemerkt, da die anderen Heizk\u00f6rper noch per &#8222;Schwerkraft&#8220; warm werden.<\/p>\n<p><strong>Vorgehensweise:<\/strong><\/p>\n<p>Zuerst \u00fcberpr\u00fcfen Sie, ob der Heizk\u00f6rper durchg\u00e4ngig hei\u00df wird, wenn Sie das TH-Ventil ganz aufstellen. Dann liegt nur ein kleiner Fehler bei der Bedienung\/Gewohnheit vor \ud83d\ude42<\/p>\n<p>Wenn es nicht hilft, entl\u00fcften Sie den Heizk\u00f6rper und \u00fcberpr\u00fcfen Sie die Pumpe<\/p>\n","protected":false},"excerpt":{"rendered":"<p>Fehlereingrenzung: Wurde ein neues Thermostatventil vor kurzem eingebaut ? Befindet sich Luft im Heizk\u00f6rper ? Thermostatkopf wird durch Nische, Gardine oder M\u00f6bel zu warm Pumpenleistung zu niedrig oder defekte Pumpe. Fehlervermutung: Meistens liegt dieser Fehler an einem neu-eingebautem TH-Ventil und &hellip; <a href=\"http:\/\/heizungshelfer.de\/?page_id=29\">Weiterlesen <span class=\"meta-nav\">&rarr;<\/span><\/a><\/p>\n","protected":false},"author":1,"featured_media":0,"parent":24,"menu_order":0,"comment_status":"closed","ping_status":"closed","template":"","meta":{"footnotes":""},"class_list":["post-29","page","type-page","status-publish","hentry"],"_links":{"self":[{"href":"http:\/\/heizungshelfer.de\/index.php?rest_route=\/wp\/v2\/pages\/29","targetHints":{"allow":["GET"]}}],"collection":[{"href":"http:\/\/heizungshelfer.de\/index.php?rest_route=\/wp\/v2\/pages"}],"about":[{"href":"http:\/\/heizungshelfer.de\/index.php?rest_route=\/wp\/v2\/types\/page"}],"author":[{"embeddable":true,"href":"http:\/\/heizungshelfer.de\/index.php?rest_route=\/wp\/v2\/users\/1"}],"replies":[{"embeddable":true,"href":"http:\/\/heizungshelfer.de\/index.php?rest_route=%2Fwp%2Fv2%2Fcomments&post=29"}],"version-history":[{"count":3,"href":"http:\/\/heizungshelfer.de\/index.php?rest_route=\/wp\/v2\/pages\/29\/revisions"}],"predecessor-version":[{"id":299,"href":"http:\/\/heizungshelfer.de\/index.php?rest_route=\/wp\/v2\/pages\/29\/revisions\/299"}],"up":[{"embeddable":true,"href":"http:\/\/heizungshelfer.de\/index.php?rest_route=\/wp\/v2\/pages\/24"}],"wp:attachment":[{"href":"http:\/\/heizungshelfer.de\/index.php?rest_route=%2Fwp%2Fv2%2Fmedia&parent=29"}],"curies":[{"name":"wp","href":"https:\/\/api.w.org\/{rel}","templated":true}]}}