{"id":2,"date":"2015-02-05T11:44:01","date_gmt":"2015-02-05T11:44:01","guid":{"rendered":"http:\/\/moeller-website.hsnetworks.de\/?page_id=2"},"modified":"2018-10-26T12:53:08","modified_gmt":"2018-10-26T10:53:08","slug":"beispiel-seite","status":"publish","type":"page","link":"http:\/\/heizungshelfer.de\/?page_id=2","title":{"rendered":"Service"},"content":{"rendered":"<h2><span style=\"color: #800000;\">So finden Sie uns:<\/span><\/h2>\n<p><span style=\"color: #000080;\">Adresse:<\/span><\/p>\n<p>Johnstrasse 2 ,32429 Minden (Anfahrt \u00fcber B65 oder D\u00fctzener Weg)<\/p>\n<p><a href=\"http:\/\/heizungshelfer.de\/wp-content\/uploads\/2015\/02\/Anfahrt-Firma-M\u00f6ller.png\"><img loading=\"lazy\" decoding=\"async\" class=\"alignnone size-medium wp-image-396\" src=\"http:\/\/heizungshelfer.de\/wp-content\/uploads\/2015\/02\/Anfahrt-Firma-M\u00f6ller-300x152.png\" alt=\"Anfahrt Firma M\u00f6ller\" width=\"300\" height=\"152\" srcset=\"http:\/\/heizungshelfer.de\/wp-content\/uploads\/2015\/02\/Anfahrt-Firma-M\u00f6ller-300x152.png 300w, http:\/\/heizungshelfer.de\/wp-content\/uploads\/2015\/02\/Anfahrt-Firma-M\u00f6ller-1024x519.png 1024w, http:\/\/heizungshelfer.de\/wp-content\/uploads\/2015\/02\/Anfahrt-Firma-M\u00f6ller.png 1412w\" sizes=\"auto, (max-width: 300px) 100vw, 300px\" \/><\/a><\/p>\n<p>&nbsp;<\/p>\n<p><span style=\"color: #000080;\">\u00d6ffnungszeiten:<\/span><\/p>\n<p>Montag &#8211; Donnerstag : 7:30 Uhr &#8211; 16:00 Uhr<\/p>\n<p>Freitag: 7:30 Uhr &#8211; 14:00 Uhr<\/p>\n","protected":false},"excerpt":{"rendered":"<p>So finden Sie uns: Adresse: Johnstrasse 2 ,32429 Minden (Anfahrt \u00fcber B65 oder D\u00fctzener Weg) &nbsp; \u00d6ffnungszeiten: Montag &#8211; Donnerstag : 7:30 Uhr &#8211; 16:00 Uhr Freitag: 7:30 Uhr &#8211; 14:00 Uhr<\/p>\n","protected":false},"author":1,"featured_media":0,"parent":0,"menu_order":0,"comment_status":"closed","ping_status":"closed","template":"","meta":{"footnotes":""},"class_list":["post-2","page","type-page","status-publish","hentry"],"_links":{"self":[{"href":"http:\/\/heizungshelfer.de\/index.php?rest_route=\/wp\/v2\/pages\/2","targetHints":{"allow":["GET"]}}],"collection":[{"href":"http:\/\/heizungshelfer.de\/index.php?rest_route=\/wp\/v2\/pages"}],"about":[{"href":"http:\/\/heizungshelfer.de\/index.php?rest_route=\/wp\/v2\/types\/page"}],"author":[{"embeddable":true,"href":"http:\/\/heizungshelfer.de\/index.php?rest_route=\/wp\/v2\/users\/1"}],"replies":[{"embeddable":true,"href":"http:\/\/heizungshelfer.de\/index.php?rest_route=%2Fwp%2Fv2%2Fcomments&post=2"}],"version-history":[{"count":8,"href":"http:\/\/heizungshelfer.de\/index.php?rest_route=\/wp\/v2\/pages\/2\/revisions"}],"predecessor-version":[{"id":418,"href":"http:\/\/heizungshelfer.de\/index.php?rest_route=\/wp\/v2\/pages\/2\/revisions\/418"}],"wp:attachment":[{"href":"http:\/\/heizungshelfer.de\/index.php?rest_route=%2Fwp%2Fv2%2Fmedia&parent=2"}],"curies":[{"name":"wp","href":"https:\/\/api.w.org\/{rel}","templated":true}]}}