{"id":16,"date":"2015-02-19T14:46:15","date_gmt":"2015-02-19T13:46:15","guid":{"rendered":"http:\/\/moeller-website.hsnetworks.de\/?page_id=16"},"modified":"2016-09-14T16:04:49","modified_gmt":"2016-09-14T14:04:49","slug":"ein-einzelner-heizkoerper-bleibt-kalt","status":"publish","type":"page","link":"http:\/\/heizungshelfer.de\/?page_id=16","title":{"rendered":"Ein einzelner Heizk\u00f6rper bleibt kalt"},"content":{"rendered":"<p><strong>Fehlereingrenzung:<br \/>\n<\/strong><br \/>\nHierf\u00fcr k\u00f6nnen eigentlich nur 3 Dinge verantwortlich sein:<\/p>\n<ol>\n<li>Im Heizk\u00f6rper befindet sich viel Luft<\/li>\n<li>Das Thermostatventil hakt oder<\/li>\n<li>Es befindet sich zuwenig Wasserdruck auf der Anlage<\/li>\n<\/ol>\n<p><strong>Fehlervermutung:<\/strong><\/p>\n<ul>\n<li>Ist von der Heizung in letzter Zeit Wasser abgelassen worden ?<\/li>\n<li>Wurde lange Zeit der Wasserdruck nicht kontrolliert ?<\/li>\n<li>Haben Sie Danfos oder Vaillant-Thermostatventile an den Heizk\u00f6rpern ?<\/li>\n<\/ul>\n<p><b><br \/>\n<\/b><strong>Vorgehensweise:<br \/>\n<\/strong><br \/>\n\u00dcberpr\u00fcfen Sie, ob aureichend Wasserdruck auf der Heizungsanlage ist:<br \/>\n<img decoding=\"async\" src=\"http:\/\/www.heizungshelfer.de\/bilder\/Manometer.gif\" alt=\"Manometer\" align=\"right\" \/>Im Heizraum befindet sich dazu entweder im Kesselschaltfeld oder irgendwo in der Rohrleitung so ein Ger\u00e4t ( = Manometer, siehe Bild rechts):<\/p>\n<p>Hierbei ist es wichtig, da\u00df der <strong>SCHWARZE<\/strong> Zeiger zwischen 1,5 bis 2 (bar) anzeigt. Der Rote ist nur ein Anhaltspunkt f\u00fcr den Mindestdruck und kann nach Belieben mit einem Schraubenzieher verstellt werden.<\/p>\n<p>Der genaue Wert ergibt sich aus der H\u00f6he des letzten Heizk\u00f6rper \u00fcber diesem Manometer, geteilt durch 10, wobei der Mindestdruck 1 bar nicht unterschreiten sollte.<\/p>\n<p>Beispiel: 1 1\/2 Familienhaus, 2 Geschosse plus Keller, Heizung im Keller, letzter Heizk\u00f6rper im Dachgescho\u00df, also so ca. 12 m h\u00f6her als Manometer, einzustellender Mindestdruck = 1.2 bar + etwas Sicherheitsreserve = 1,5 bar !<\/p>\n<p><strong>NIEMALS \u00dcBER<\/strong> 2.2 bar auff\u00fcllen und <strong>NUR AUFF\u00dcLLEN, WENN HEIZKESSEL<\/strong> warm ist !<\/p>\n<p>Ansonsten kann der Druck leicht \u00fcber 2,5 bar kommen, was bedeuten w\u00fcrde, da\u00df das Sicherheitsventil anf\u00e4ngt zu tropfen !<\/p>\n<p>Nachf\u00fcllen kann man normalerweise an 2 Ventilen, die durch einen Schlauch verbunden sind, wobei beide Ventil ganz langsam ge\u00f6ffnet werden. Beide Ventile sofort zudrehen, wenn der Druckanzeiger sich im erw\u00e4hnten Bereich bewegt !! (Nicht vergessen beide zuzudrehen, ansonsten kann der Schlauch mit der Zeit undicht werden !)<\/p>\n<p><img decoding=\"async\" src=\"http:\/\/www.heizungshelfer.de\/bilder\/TH-Ventil.gif\" alt=\"Thermostat-Ventil\" align=\"right\" \/>Wenn kein Wasser fehlt und sich auch keine Luft im Heizk\u00f6rper befindet, dann hakt in den meisten F\u00e4llen (besonders Danfos\/Vaillant) der Ventil-Sitz des Thermostatventils. Klopfen Sie zur Behebung ca. 20-30 Mal z.B. mit einem metallenem Messergriff auf das Ventilgeh\u00e4use ( NICHT auf den Ventil-Kopf, der sich drehen l\u00e4\u00dft, sondern das Messing-\/Rotgu\u00df-Teil, wo dieser Kopf draufgeschraubt ist ).<\/p>\n","protected":false},"excerpt":{"rendered":"<p>Fehlereingrenzung: Hierf\u00fcr k\u00f6nnen eigentlich nur 3 Dinge verantwortlich sein: Im Heizk\u00f6rper befindet sich viel Luft Das Thermostatventil hakt oder Es befindet sich zuwenig Wasserdruck auf der Anlage Fehlervermutung: Ist von der Heizung in letzter Zeit Wasser abgelassen worden ? Wurde &hellip; <a href=\"http:\/\/heizungshelfer.de\/?page_id=16\">Weiterlesen <span class=\"meta-nav\">&rarr;<\/span><\/a><\/p>\n","protected":false},"author":1,"featured_media":0,"parent":24,"menu_order":0,"comment_status":"closed","ping_status":"closed","template":"","meta":{"footnotes":""},"class_list":["post-16","page","type-page","status-publish","hentry"],"_links":{"self":[{"href":"http:\/\/heizungshelfer.de\/index.php?rest_route=\/wp\/v2\/pages\/16","targetHints":{"allow":["GET"]}}],"collection":[{"href":"http:\/\/heizungshelfer.de\/index.php?rest_route=\/wp\/v2\/pages"}],"about":[{"href":"http:\/\/heizungshelfer.de\/index.php?rest_route=\/wp\/v2\/types\/page"}],"author":[{"embeddable":true,"href":"http:\/\/heizungshelfer.de\/index.php?rest_route=\/wp\/v2\/users\/1"}],"replies":[{"embeddable":true,"href":"http:\/\/heizungshelfer.de\/index.php?rest_route=%2Fwp%2Fv2%2Fcomments&post=16"}],"version-history":[{"count":7,"href":"http:\/\/heizungshelfer.de\/index.php?rest_route=\/wp\/v2\/pages\/16\/revisions"}],"predecessor-version":[{"id":294,"href":"http:\/\/heizungshelfer.de\/index.php?rest_route=\/wp\/v2\/pages\/16\/revisions\/294"}],"up":[{"embeddable":true,"href":"http:\/\/heizungshelfer.de\/index.php?rest_route=\/wp\/v2\/pages\/24"}],"wp:attachment":[{"href":"http:\/\/heizungshelfer.de\/index.php?rest_route=%2Fwp%2Fv2%2Fmedia&parent=16"}],"curies":[{"name":"wp","href":"https:\/\/api.w.org\/{rel}","templated":true}]}}