{"id":14,"date":"2015-02-19T14:45:13","date_gmt":"2015-02-19T13:45:13","guid":{"rendered":"http:\/\/moeller-website.hsnetworks.de\/?page_id=14"},"modified":"2016-09-14T14:53:17","modified_gmt":"2016-09-14T12:53:17","slug":"probleme-mit-heizkoerpern","status":"publish","type":"page","link":"http:\/\/heizungshelfer.de\/?page_id=14","title":{"rendered":"Probleme mit Heizk\u00f6rpern?"},"content":{"rendered":"<h4 style=\"text-align: left;\"><strong>Wichtige Hinweise<\/strong><\/h4>\n<p>Stellen Sie mir bitte weitere Fragen zu Heizk\u00f6rperproblemen per\u00a0<a href=\"mailto:heizungshelfer.juergen.moelle@t-online.de\">E-Mail<\/a>, damit ich sie hier auff\u00fchren kann.<\/p>\n<p>Es sind hier aus Platzgr\u00fcnden nur die wahrscheinlichsten Gr\u00fcnde f\u00fcr das Problem aufgef\u00fchrt, soda\u00df Sie mir auch mailen sollten, falls kein Tip eine Verbesserung ergibt !<\/p>\n<p>Bitte beachten Sie, da\u00df ich Ihnen hier zwar Tips und L\u00f6sungsvorschl\u00e4ge machen kann, jedoch sollten Sie in allen F\u00e4llen nur die Arbeiten und Einstellungen ausf\u00fchren, die Sie sich zutrauen !<\/p>\n<p>Ich \u00fcbernehme keine Gew\u00e4hr oder Haftung !<\/p>\n","protected":false},"excerpt":{"rendered":"<p>Wichtige Hinweise Stellen Sie mir bitte weitere Fragen zu Heizk\u00f6rperproblemen per\u00a0E-Mail, damit ich sie hier auff\u00fchren kann. Es sind hier aus Platzgr\u00fcnden nur die wahrscheinlichsten Gr\u00fcnde f\u00fcr das Problem aufgef\u00fchrt, soda\u00df Sie mir auch mailen sollten, falls kein Tip eine &hellip; <a href=\"http:\/\/heizungshelfer.de\/?page_id=14\">Weiterlesen <span class=\"meta-nav\">&rarr;<\/span><\/a><\/p>\n","protected":false},"author":1,"featured_media":0,"parent":24,"menu_order":0,"comment_status":"closed","ping_status":"closed","template":"","meta":{"footnotes":""},"class_list":["post-14","page","type-page","status-publish","hentry"],"_links":{"self":[{"href":"http:\/\/heizungshelfer.de\/index.php?rest_route=\/wp\/v2\/pages\/14","targetHints":{"allow":["GET"]}}],"collection":[{"href":"http:\/\/heizungshelfer.de\/index.php?rest_route=\/wp\/v2\/pages"}],"about":[{"href":"http:\/\/heizungshelfer.de\/index.php?rest_route=\/wp\/v2\/types\/page"}],"author":[{"embeddable":true,"href":"http:\/\/heizungshelfer.de\/index.php?rest_route=\/wp\/v2\/users\/1"}],"replies":[{"embeddable":true,"href":"http:\/\/heizungshelfer.de\/index.php?rest_route=%2Fwp%2Fv2%2Fcomments&post=14"}],"version-history":[{"count":2,"href":"http:\/\/heizungshelfer.de\/index.php?rest_route=\/wp\/v2\/pages\/14\/revisions"}],"predecessor-version":[{"id":288,"href":"http:\/\/heizungshelfer.de\/index.php?rest_route=\/wp\/v2\/pages\/14\/revisions\/288"}],"up":[{"embeddable":true,"href":"http:\/\/heizungshelfer.de\/index.php?rest_route=\/wp\/v2\/pages\/24"}],"wp:attachment":[{"href":"http:\/\/heizungshelfer.de\/index.php?rest_route=%2Fwp%2Fv2%2Fmedia&parent=14"}],"curies":[{"name":"wp","href":"https:\/\/api.w.org\/{rel}","templated":true}]}}