{"id":111,"date":"2015-02-25T12:40:30","date_gmt":"2015-02-25T11:40:30","guid":{"rendered":"http:\/\/moeller-website.hsnetworks.de\/?page_id=111"},"modified":"2024-06-04T09:11:35","modified_gmt":"2024-06-04T07:11:35","slug":"links","status":"publish","type":"page","link":"http:\/\/heizungshelfer.de\/?page_id=111","title":{"rendered":"Das Team"},"content":{"rendered":"<h1><em><strong>Das Team:<\/strong><\/em><\/h1>\n<p><span style=\"text-decoration: underline;\">Gesch\u00e4ftsf\u00fchrung\/ Inhaber:<br \/>\n<\/span><\/p>\n<p>Sabrina M\u00f6ller (Inh. und GF):<\/p>\n<p><a href=\"http:\/\/heizungshelfer.de\/wp-content\/uploads\/2020\/07\/200718-FotoChristianSchwier-79.jpg\"><img loading=\"lazy\" decoding=\"async\" class=\"alignnone size-medium wp-image-465\" src=\"http:\/\/heizungshelfer.de\/wp-content\/uploads\/2020\/07\/200718-FotoChristianSchwier-79-300x200.jpg\" alt=\"200718-FotoChristianSchwier-79\" width=\"300\" height=\"200\" srcset=\"http:\/\/heizungshelfer.de\/wp-content\/uploads\/2020\/07\/200718-FotoChristianSchwier-79-300x200.jpg 300w, http:\/\/heizungshelfer.de\/wp-content\/uploads\/2020\/07\/200718-FotoChristianSchwier-79-1024x683.jpg 1024w\" sizes=\"auto, (max-width: 300px) 100vw, 300px\" \/><\/a><\/p>\n<p>Silke M\u00f6ller (Inh.):<\/p>\n<p><a href=\"http:\/\/heizungshelfer.de\/wp-content\/uploads\/2020\/07\/200718-FotoChristianSchwier-90.jpg\"><img loading=\"lazy\" decoding=\"async\" class=\"alignnone size-medium wp-image-469\" src=\"http:\/\/heizungshelfer.de\/wp-content\/uploads\/2020\/07\/200718-FotoChristianSchwier-90-300x200.jpg\" alt=\"200718-FotoChristianSchwier-90\" width=\"300\" height=\"200\" srcset=\"http:\/\/heizungshelfer.de\/wp-content\/uploads\/2020\/07\/200718-FotoChristianSchwier-90-300x200.jpg 300w, http:\/\/heizungshelfer.de\/wp-content\/uploads\/2020\/07\/200718-FotoChristianSchwier-90-1024x683.jpg 1024w\" sizes=\"auto, (max-width: 300px) 100vw, 300px\" \/><\/a><\/p>\n<p>Marvin M\u00f6ller (Inh.):<\/p>\n<p><a href=\"http:\/\/heizungshelfer.de\/wp-content\/uploads\/2020\/07\/200718-FotoChristianSchwier-78.jpg\"><img loading=\"lazy\" decoding=\"async\" class=\"alignnone size-medium wp-image-464\" src=\"http:\/\/heizungshelfer.de\/wp-content\/uploads\/2020\/07\/200718-FotoChristianSchwier-78-300x200.jpg\" alt=\"200718-FotoChristianSchwier-78\" width=\"300\" height=\"200\" srcset=\"http:\/\/heizungshelfer.de\/wp-content\/uploads\/2020\/07\/200718-FotoChristianSchwier-78-300x200.jpg 300w, http:\/\/heizungshelfer.de\/wp-content\/uploads\/2020\/07\/200718-FotoChristianSchwier-78-1024x683.jpg 1024w\" sizes=\"auto, (max-width: 300px) 100vw, 300px\" \/><\/a><\/p>\n<p>Jens Otting (Betriebsleiter\/ Meister im Heizung- und Sanit\u00e4rhandwerk):<\/p>\n<p><a href=\"http:\/\/heizungshelfer.de\/wp-content\/uploads\/2020\/07\/200718-FotoChristianSchwier-72.jpg\"><img loading=\"lazy\" decoding=\"async\" class=\"alignnone size-medium wp-image-461\" src=\"http:\/\/heizungshelfer.de\/wp-content\/uploads\/2020\/07\/200718-FotoChristianSchwier-72-300x200.jpg\" alt=\"200718-FotoChristianSchwier-72\" width=\"300\" height=\"200\" srcset=\"http:\/\/heizungshelfer.de\/wp-content\/uploads\/2020\/07\/200718-FotoChristianSchwier-72-300x200.jpg 300w, http:\/\/heizungshelfer.de\/wp-content\/uploads\/2020\/07\/200718-FotoChristianSchwier-72-1024x683.jpg 1024w\" sizes=\"auto, (max-width: 300px) 100vw, 300px\" \/><\/a><\/p>\n<p>Dennis H\u00e4seker:<\/p>\n<p><a href=\"http:\/\/heizungshelfer.de\/wp-content\/uploads\/2020\/07\/200718-FotoChristianSchwier-68.jpg\"><img loading=\"lazy\" decoding=\"async\" class=\"alignnone size-medium wp-image-460\" src=\"http:\/\/heizungshelfer.de\/wp-content\/uploads\/2020\/07\/200718-FotoChristianSchwier-68-300x200.jpg\" alt=\"200718-FotoChristianSchwier-68\" width=\"300\" height=\"200\" srcset=\"http:\/\/heizungshelfer.de\/wp-content\/uploads\/2020\/07\/200718-FotoChristianSchwier-68-300x200.jpg 300w, http:\/\/heizungshelfer.de\/wp-content\/uploads\/2020\/07\/200718-FotoChristianSchwier-68-1024x683.jpg 1024w\" sizes=\"auto, (max-width: 300px) 100vw, 300px\" \/><\/a><\/p>\n<p>Frank M\u00f6ller:<\/p>\n<p><a href=\"http:\/\/heizungshelfer.de\/wp-content\/uploads\/2020\/07\/200718-FotoChristianSchwier-74.jpg\"><img loading=\"lazy\" decoding=\"async\" class=\"alignnone size-medium wp-image-463\" src=\"http:\/\/heizungshelfer.de\/wp-content\/uploads\/2020\/07\/200718-FotoChristianSchwier-74-300x200.jpg\" alt=\"200718-FotoChristianSchwier-74\" width=\"300\" height=\"200\" srcset=\"http:\/\/heizungshelfer.de\/wp-content\/uploads\/2020\/07\/200718-FotoChristianSchwier-74-300x200.jpg 300w, http:\/\/heizungshelfer.de\/wp-content\/uploads\/2020\/07\/200718-FotoChristianSchwier-74-1024x683.jpg 1024w\" sizes=\"auto, (max-width: 300px) 100vw, 300px\" \/><\/a><\/p>\n<p>Dennis Steffenhagen:<\/p>\n<p><a href=\"http:\/\/heizungshelfer.de\/wp-content\/uploads\/2020\/07\/200718-FotoChristianSchwier-65.jpg\"><img loading=\"lazy\" decoding=\"async\" class=\"alignnone size-medium wp-image-462\" src=\"http:\/\/heizungshelfer.de\/wp-content\/uploads\/2020\/07\/200718-FotoChristianSchwier-65-300x200.jpg\" alt=\"200718-FotoChristianSchwier-65\" width=\"300\" height=\"200\" srcset=\"http:\/\/heizungshelfer.de\/wp-content\/uploads\/2020\/07\/200718-FotoChristianSchwier-65-300x200.jpg 300w, http:\/\/heizungshelfer.de\/wp-content\/uploads\/2020\/07\/200718-FotoChristianSchwier-65-1024x683.jpg 1024w\" sizes=\"auto, (max-width: 300px) 100vw, 300px\" \/><\/a><\/p>\n<p><span style=\"text-decoration: underline;\">B\u00fcro:<\/span><\/p>\n<p>Petra Sawadski:<\/p>\n<p><a href=\"http:\/\/heizungshelfer.de\/wp-content\/uploads\/2020\/07\/200718-FotoChristianSchwier-84.jpg\"><img loading=\"lazy\" decoding=\"async\" class=\"alignnone size-medium wp-image-466\" src=\"http:\/\/heizungshelfer.de\/wp-content\/uploads\/2020\/07\/200718-FotoChristianSchwier-84-300x200.jpg\" alt=\"200718-FotoChristianSchwier-84\" width=\"300\" height=\"200\" srcset=\"http:\/\/heizungshelfer.de\/wp-content\/uploads\/2020\/07\/200718-FotoChristianSchwier-84-300x200.jpg 300w, http:\/\/heizungshelfer.de\/wp-content\/uploads\/2020\/07\/200718-FotoChristianSchwier-84-1024x683.jpg 1024w\" sizes=\"auto, (max-width: 300px) 100vw, 300px\" \/><\/a><\/p>\n<p><span style=\"text-decoration: underline;\">B\u00fcrohund\/T\u00fcrsteher\/ Freund und &#8222;Aufmischer&#8220; :<\/span><\/p>\n<p>Balou:<\/p>\n<p><a href=\"http:\/\/heizungshelfer.de\/wp-content\/uploads\/2020\/07\/200718-FotoChristianSchwier-94.jpg\"><img loading=\"lazy\" decoding=\"async\" class=\"alignnone size-medium wp-image-470\" src=\"http:\/\/heizungshelfer.de\/wp-content\/uploads\/2020\/07\/200718-FotoChristianSchwier-94-300x200.jpg\" alt=\"200718-FotoChristianSchwier-94\" width=\"300\" height=\"200\" srcset=\"http:\/\/heizungshelfer.de\/wp-content\/uploads\/2020\/07\/200718-FotoChristianSchwier-94-300x200.jpg 300w, http:\/\/heizungshelfer.de\/wp-content\/uploads\/2020\/07\/200718-FotoChristianSchwier-94-1024x683.jpg 1024w\" sizes=\"auto, (max-width: 300px) 100vw, 300px\" \/><\/a><\/p>\n","protected":false},"excerpt":{"rendered":"<p>Das Team: Gesch\u00e4ftsf\u00fchrung\/ Inhaber: Sabrina M\u00f6ller (Inh. und GF): Silke M\u00f6ller (Inh.): Marvin M\u00f6ller (Inh.): Jens Otting (Betriebsleiter\/ Meister im Heizung- und Sanit\u00e4rhandwerk): Dennis H\u00e4seker: Frank M\u00f6ller: Dennis Steffenhagen: B\u00fcro: Petra Sawadski: B\u00fcrohund\/T\u00fcrsteher\/ Freund und &#8222;Aufmischer&#8220; : Balou:<\/p>\n","protected":false},"author":1,"featured_media":393,"parent":0,"menu_order":0,"comment_status":"closed","ping_status":"closed","template":"","meta":{"footnotes":""},"class_list":["post-111","page","type-page","status-publish","has-post-thumbnail","hentry"],"_links":{"self":[{"href":"http:\/\/heizungshelfer.de\/index.php?rest_route=\/wp\/v2\/pages\/111","targetHints":{"allow":["GET"]}}],"collection":[{"href":"http:\/\/heizungshelfer.de\/index.php?rest_route=\/wp\/v2\/pages"}],"about":[{"href":"http:\/\/heizungshelfer.de\/index.php?rest_route=\/wp\/v2\/types\/page"}],"author":[{"embeddable":true,"href":"http:\/\/heizungshelfer.de\/index.php?rest_route=\/wp\/v2\/users\/1"}],"replies":[{"embeddable":true,"href":"http:\/\/heizungshelfer.de\/index.php?rest_route=%2Fwp%2Fv2%2Fcomments&post=111"}],"version-history":[{"count":17,"href":"http:\/\/heizungshelfer.de\/index.php?rest_route=\/wp\/v2\/pages\/111\/revisions"}],"predecessor-version":[{"id":533,"href":"http:\/\/heizungshelfer.de\/index.php?rest_route=\/wp\/v2\/pages\/111\/revisions\/533"}],"wp:featuredmedia":[{"embeddable":true,"href":"http:\/\/heizungshelfer.de\/index.php?rest_route=\/wp\/v2\/media\/393"}],"wp:attachment":[{"href":"http:\/\/heizungshelfer.de\/index.php?rest_route=%2Fwp%2Fv2%2Fmedia&parent=111"}],"curies":[{"name":"wp","href":"https:\/\/api.w.org\/{rel}","templated":true}]}}